{"id":818,"date":"2026-03-23T19:35:08","date_gmt":"2026-03-23T23:35:08","guid":{"rendered":"https:\/\/glozanov.dectim.ca\/phase_zero\/?page_id=818"},"modified":"2026-05-11T14:28:05","modified_gmt":"2026-05-11T18:28:05","slug":"fiche-equipe","status":"publish","type":"page","link":"https:\/\/glozanov.dectim.ca\/phase_zero\/fiche-equipe\/","title":{"rendered":"Fiche \u00e9quipe"},"content":{"rendered":"\n<div class=\"wp-block-group is-nowrap is-layout-flex wp-container-core-group-is-layout-64c224b7 wp-block-group-is-layout-flex\" style=\"margin-bottom:0;padding-bottom:0\">\n<div class=\"wp-block-group is-layout-constrained wp-block-group-is-layout-constrained\">\n<h2 class=\"wp-block-heading has-text-align-center animated slideInDown delay-100ms has-ast-global-color-5-background-color has-background\" style=\"padding-top:8px;padding-right:8px;padding-bottom:8px;padding-left:8px\"><strong>Alex Moreau<\/strong><\/h2>\n\n\n\n<figure class=\"wp-block-image size-full animated fadeInLeft\"><img loading=\"lazy\" decoding=\"async\" width=\"426\" height=\"325\" src=\"https:\/\/glozanov.dectim.ca\/phase_zero\/wp-content\/uploads\/2026\/03\/top-1.jpg\" alt=\"\" class=\"wp-image-510\" srcset=\"https:\/\/glozanov.dectim.ca\/phase_zero\/wp-content\/uploads\/2026\/03\/top-1.jpg 426w, https:\/\/glozanov.dectim.ca\/phase_zero\/wp-content\/uploads\/2026\/03\/top-1-300x229.jpg 300w\" sizes=\"auto, (max-width: 426px) 100vw, 426px\" \/><\/figure>\n<\/div>\n\n\n\n<div class=\"wp-block-group is-layout-constrained wp-block-group-is-layout-constrained\">\n<h3 class=\"wp-block-heading animated fadeInRight delay-100ms\"><strong>Lead Prototypage<\/strong><\/h3>\n\n\n\n<p class=\"animated fadeInRight delay-200ms\">Il supervise la conception des concepts et valide la faisabilit\u00e9 technique des m\u00e9caniques cl\u00e9s. Ses t\u00e2ches quotidiennes peuvent inclurent : <\/p>\n\n\n\n<ul class=\"wp-block-list\">\n<li class=\"animated fadeInRight o-anim-custom-delay undefined o-anim-value-delay-0.3s\">Cadrage des objectifs de prototype<\/li>\n\n\n\n<li class=\"animated fadeInRight o-anim-custom-delay undefined o-anim-value-delay-0.4s\">Arbitrages techniques<\/li>\n\n\n\n<li class=\"animated fadeInRight o-anim-custom-delay undefined o-anim-value-delay-0.5s\">Revues de code<\/li>\n\n\n\n<li class=\"animated fadeInRight o-anim-custom-delay undefined o-anim-value-delay-0.6s\">Signalement des risques<\/li>\n<\/ul>\n<\/div>\n<\/div>\n\n\n\n<div class=\"wp-block-group is-layout-grid wp-container-core-group-is-layout-988b637e wp-block-group-is-layout-grid\">\n<div class=\"wp-block-group animated zoomIn delay-100ms has-ast-global-color-5-background-color has-background is-layout-constrained wp-container-core-group-is-layout-3ee44764 wp-block-group-is-layout-constrained\" style=\"padding-top:24px;padding-right:24px;padding-bottom:24px;padding-left:24px\">\n<h4 class=\"wp-block-heading animated slideInDown delay-100ms\"><strong>Comp\u00e9tences cl\u00e9s<\/strong><\/h4>\n\n\n\n<ul class=\"wp-block-list\">\n<li class=\"animated fadeInLeft delay-100ms\">Architecture gameplay<\/li>\n\n\n\n<li class=\"animated fadeInLeft delay-200ms\">Leadership technique<\/li>\n\n\n\n<li class=\"animated fadeInLeft o-anim-custom-delay undefined o-anim-value-delay-0.3s\">C#\/C++<\/li>\n\n\n\n<li class=\"animated fadeInLeft o-anim-custom-delay undefined o-anim-value-delay-0.4s\">Unity\/Unreal<\/li>\n<\/ul>\n<\/div>\n\n\n\n<div class=\"wp-block-group animated zoomIn delay-100ms has-ast-global-color-5-background-color has-background is-layout-constrained wp-container-core-group-is-layout-3ee44764 wp-block-group-is-layout-constrained\" style=\"padding-top:24px;padding-right:24px;padding-bottom:24px;padding-left:24px\">\n<h4 class=\"wp-block-heading animated slideInDown delay-100ms\"><strong>Environnement<\/strong><\/h4>\n\n\n\n<ul class=\"wp-block-list\">\n<li class=\"animated fadeInUp delay-100ms\">Unity<\/li>\n\n\n\n<li class=\"animated fadeInUp delay-200ms\">Unreal Engine<\/li>\n\n\n\n<li class=\"animated fadeInUp o-anim-custom-delay undefined o-anim-value-delay-0.3s\">Git<\/li>\n\n\n\n<li class=\"animated fadeInUp o-anim-custom-delay undefined o-anim-value-delay-0.4s\">Jira<\/li>\n\n\n\n<li class=\"animated fadeInUp o-anim-custom-delay undefined o-anim-value-delay-0.5s\">Outils de profilage<\/li>\n\n\n\n<li class=\"animated fadeInUp o-anim-custom-delay undefined o-anim-value-delay-0.6s\">Collaboration \u00e9troite avec design et QA.<\/li>\n<\/ul>\n<\/div>\n\n\n\n<div class=\"wp-block-group animated zoomIn delay-100ms has-ast-global-color-5-background-color has-background is-layout-constrained wp-container-core-group-is-layout-3ee44764 wp-block-group-is-layout-constrained\" style=\"padding-top:24px;padding-right:24px;padding-bottom:24px;padding-left:24px\">\n<h4 class=\"wp-block-heading animated slideInDown delay-100ms\"><strong>Formation<\/strong><\/h4>\n\n\n\n<p class=\"animated fadeInRight delay-100ms\">Baccalaur\u00e9at en g\u00e9nie logiciel (sp\u00e9cialisation jeux vid\u00e9o recommand\u00e9e)<\/p>\n<\/div>\n\n\n\n<div class=\"wp-block-group animated zoomIn delay-100ms has-ast-global-color-5-background-color has-background is-layout-constrained wp-container-core-group-is-layout-3ee44764 wp-block-group-is-layout-constrained\" style=\"padding-top:24px;padding-right:24px;padding-bottom:24px;padding-left:24px\">\n<h4 class=\"wp-block-heading animated slideInDown delay-100ms\"><strong>Salaire moyen<\/strong><\/h4>\n\n\n\n<p class=\"animated fadeInLeft delay-100ms\">90 000 &#8211; 120 000 (selon exp\u00e9rience)<\/p>\n<\/div>\n\n\n\n<div class=\"wp-block-group animated zoomIn delay-100ms has-ast-global-color-5-background-color has-background is-layout-constrained wp-container-core-group-is-layout-3ee44764 wp-block-group-is-layout-constrained\" style=\"padding-top:24px;padding-right:24px;padding-bottom:24px;padding-left:24px\">\n<h4 class=\"wp-block-heading animated slideInDown delay-100ms\">&nbsp;<strong>Perspectives<\/strong><\/h4>\n\n\n\n<ul class=\"wp-block-list\">\n<li class=\"animated fadeInUp delay-100ms\">Directeur technique prototypage<\/li>\n\n\n\n<li class=\"animated fadeInUp delay-200ms\">Consultant R&amp;D gameplay<\/li>\n<\/ul>\n<\/div>\n\n\n\n<div class=\"wp-block-group animated zoomIn delay-100ms has-ast-global-color-5-background-color has-background is-layout-flow wp-container-core-group-is-layout-f451e53f wp-block-group-is-layout-flow\" style=\"padding-top:24px;padding-right:24px;padding-bottom:24px;padding-left:24px\">\n<h4 class=\"wp-block-heading animated slideInDown delay-100ms\"><strong>Citation<\/strong><\/h4>\n\n\n\n<p class=\"animated fadeInRight delay-100ms\">\u00ab Un bon prototype \u00e9limine l\u2019incertitude avant qu\u2019elle ne soit co\u00fbteuse. \u00bb<\/p>\n<\/div>\n<\/div>\n","protected":false},"excerpt":{"rendered":"<p>Alex Moreau Lead Prototypage Il supervise la conception des concepts et valide la faisabilit\u00e9 technique des m\u00e9caniques cl\u00e9s. Ses t\u00e2ches [&hellip;]<\/p>\n","protected":false},"author":2,"featured_media":0,"parent":0,"menu_order":0,"comment_status":"closed","ping_status":"closed","template":"","meta":{"site-sidebar-layout":"default","site-content-layout":"","ast-site-content-layout":"default","site-content-style":"default","site-sidebar-style":"default","ast-global-header-display":"","ast-banner-title-visibility":"","ast-main-header-display":"","ast-hfb-above-header-display":"","ast-hfb-below-header-display":"","ast-hfb-mobile-header-display":"","site-post-title":"disabled","ast-breadcrumbs-content":"","ast-featured-img":"","footer-sml-layout":"","ast-disable-related-posts":"","theme-transparent-header-meta":"","adv-header-id-meta":"","stick-header-meta":"","header-above-stick-meta":"","header-main-stick-meta":"","header-below-stick-meta":"","astra-migrate-meta-layouts":"default","ast-page-background-enabled":"default","ast-page-background-meta":{"desktop":{"background-color":"var(--ast-global-color-5)","background-image":"","background-repeat":"repeat","background-position":"center center","background-size":"auto","background-attachment":"scroll","background-type":"","background-media":"","overlay-type":"","overlay-color":"","overlay-opacity":"","overlay-gradient":""},"tablet":{"background-color":"","background-image":"","background-repeat":"repeat","background-position":"center center","background-size":"auto","background-attachment":"scroll","background-type":"","background-media":"","overlay-type":"","overlay-color":"","overlay-opacity":"","overlay-gradient":""},"mobile":{"background-color":"","background-image":"","background-repeat":"repeat","background-position":"center center","background-size":"auto","background-attachment":"scroll","background-type":"","background-media":"","overlay-type":"","overlay-color":"","overlay-opacity":"","overlay-gradient":""}},"ast-content-background-meta":{"desktop":{"background-color":"var(--ast-global-color-4)","background-image":"","background-repeat":"repeat","background-position":"center center","background-size":"auto","background-attachment":"scroll","background-type":"","background-media":"","overlay-type":"","overlay-color":"","overlay-opacity":"","overlay-gradient":""},"tablet":{"background-color":"var(--ast-global-color-4)","background-image":"","background-repeat":"repeat","background-position":"center center","background-size":"auto","background-attachment":"scroll","background-type":"","background-media":"","overlay-type":"","overlay-color":"","overlay-opacity":"","overlay-gradient":""},"mobile":{"background-color":"var(--ast-global-color-4)","background-image":"","background-repeat":"repeat","background-position":"center center","background-size":"auto","background-attachment":"scroll","background-type":"","background-media":"","overlay-type":"","overlay-color":"","overlay-opacity":"","overlay-gradient":""}},"footnotes":""},"class_list":["post-818","page","type-page","status-publish","hentry"],"_links":{"self":[{"href":"https:\/\/glozanov.dectim.ca\/phase_zero\/wp-json\/wp\/v2\/pages\/818","targetHints":{"allow":["GET"]}}],"collection":[{"href":"https:\/\/glozanov.dectim.ca\/phase_zero\/wp-json\/wp\/v2\/pages"}],"about":[{"href":"https:\/\/glozanov.dectim.ca\/phase_zero\/wp-json\/wp\/v2\/types\/page"}],"author":[{"embeddable":true,"href":"https:\/\/glozanov.dectim.ca\/phase_zero\/wp-json\/wp\/v2\/users\/2"}],"replies":[{"embeddable":true,"href":"https:\/\/glozanov.dectim.ca\/phase_zero\/wp-json\/wp\/v2\/comments?post=818"}],"version-history":[{"count":21,"href":"https:\/\/glozanov.dectim.ca\/phase_zero\/wp-json\/wp\/v2\/pages\/818\/revisions"}],"predecessor-version":[{"id":1341,"href":"https:\/\/glozanov.dectim.ca\/phase_zero\/wp-json\/wp\/v2\/pages\/818\/revisions\/1341"}],"wp:attachment":[{"href":"https:\/\/glozanov.dectim.ca\/phase_zero\/wp-json\/wp\/v2\/media?parent=818"}],"curies":[{"name":"wp","href":"https:\/\/api.w.org\/{rel}","templated":true}]}}