{"id":619,"date":"2026-03-23T14:30:31","date_gmt":"2026-03-23T18:30:31","guid":{"rendered":"https:\/\/glozanov.dectim.ca\/phase_zero\/?page_id=619"},"modified":"2026-05-12T07:43:41","modified_gmt":"2026-05-12T11:43:41","slug":"service","status":"publish","type":"page","link":"https:\/\/glozanov.dectim.ca\/phase_zero\/service\/","title":{"rendered":"Service &#8211; Assurance qualit\u00e9"},"content":{"rendered":"\n<div class=\"wp-block-cover alignfull is-light\" style=\"min-height:674px;aspect-ratio:unset;\"><img loading=\"lazy\" decoding=\"async\" width=\"1671\" height=\"940\" class=\"wp-block-cover__image-background wp-image-800 size-full\" alt=\"\" src=\"https:\/\/glozanov.dectim.ca\/phase_zero\/wp-content\/uploads\/2026\/03\/ChatGPT-Image-Mar-23-2026-05_06_50-PM.png\" data-object-fit=\"cover\" srcset=\"https:\/\/glozanov.dectim.ca\/phase_zero\/wp-content\/uploads\/2026\/03\/ChatGPT-Image-Mar-23-2026-05_06_50-PM.png 1671w, https:\/\/glozanov.dectim.ca\/phase_zero\/wp-content\/uploads\/2026\/03\/ChatGPT-Image-Mar-23-2026-05_06_50-PM-300x169.png 300w, https:\/\/glozanov.dectim.ca\/phase_zero\/wp-content\/uploads\/2026\/03\/ChatGPT-Image-Mar-23-2026-05_06_50-PM-1024x576.png 1024w, https:\/\/glozanov.dectim.ca\/phase_zero\/wp-content\/uploads\/2026\/03\/ChatGPT-Image-Mar-23-2026-05_06_50-PM-768x432.png 768w, https:\/\/glozanov.dectim.ca\/phase_zero\/wp-content\/uploads\/2026\/03\/ChatGPT-Image-Mar-23-2026-05_06_50-PM-1536x864.png 1536w\" sizes=\"auto, (max-width: 1671px) 100vw, 1671px\" \/><span aria-hidden=\"true\" class=\"wp-block-cover__background has-background-dim\" style=\"background-color:#a9abac\"><\/span><div class=\"wp-block-cover__inner-container is-layout-constrained wp-block-cover-is-layout-constrained\">\n<div class=\"wp-block-group is-content-justification-center is-layout-constrained wp-block-group-is-layout-constrained\" style=\"margin-top:0;margin-bottom:0\">\n<div class=\"wp-block-columns are-vertically-aligned-top is-layout-flex wp-container-core-columns-is-layout-2d2486d4 wp-block-columns-is-layout-flex\" style=\"margin-top:0vh;margin-bottom:0%\">\n<div class=\"wp-block-column is-vertically-aligned-top is-layout-flow wp-block-column-is-layout-flow\" style=\"padding-top:0;padding-right:0;padding-bottom:0;padding-left:0;flex-basis:677px\">\n<h1 class=\"wp-block-heading has-text-align-center animated backInDown delay-500ms has-ast-global-color-2-color has-ast-global-color-4-background-color has-text-color has-background has-link-color wp-elements-1aaa425e32afc4cf36d1322dc64a65ab\" style=\"padding-top:24px;padding-right:16px;padding-bottom:24px;padding-left:16px\">Assurance Qualit\u00e9<\/h1>\n<\/div>\n\n\n\n<div class=\"wp-block-column is-vertically-aligned-top is-layout-flow wp-block-column-is-layout-flow\" style=\"flex-basis:0%\"><\/div>\n<\/div>\n\n\n\n<div class=\"wp-block-columns is-layout-flex wp-container-core-columns-is-layout-9953db16 wp-block-columns-is-layout-flex\" style=\"margin-top:30%;margin-bottom:0%\">\n<div class=\"wp-block-column is-layout-flow wp-block-column-is-layout-flow\" style=\"flex-basis:50%\"><\/div>\n\n\n\n<div class=\"wp-block-column is-layout-flow wp-block-column-is-layout-flow\" style=\"flex-basis:50%\">\n<h4 class=\"wp-block-heading has-text-align-left animated backInUp delay-500ms has-ast-global-color-2-color has-ast-global-color-4-background-color has-text-color has-background has-link-color wp-elements-1edaa640e0b8b744f8382d55d1143cd4\">Assurance qualit\u00e9 (AQ) pour jeux vid\u00e9o. Assurez la <strong>stabilit\u00e9<\/strong>, la <strong>performance<\/strong> et la <strong>qualit\u00e9<\/strong> de votre produit avant sa mise en march\u00e9.<\/h4>\n<\/div>\n<\/div>\n<\/div>\n<\/div><\/div>\n\n\n\n<div class=\"wp-block-group alignfull animated zoomIn is-layout-constrained wp-block-group-is-layout-constrained\">\n<div class=\"wp-block-group alignwide is-nowrap is-layout-flex wp-container-core-group-is-layout-653562d7 wp-block-group-is-layout-flex\">\n<div class=\"wp-block-group wp-container-content-5f80b302 is-layout-constrained wp-block-group-is-layout-constrained\">\n<figure class=\"wp-block-image size-full is-resized animated fadeInLeft\"><img loading=\"lazy\" decoding=\"async\" width=\"1536\" height=\"1024\" src=\"https:\/\/glozanov.dectim.ca\/phase_zero\/wp-content\/uploads\/2026\/03\/ChatGPT-Image-Mar-23-2026-03_35_53-PM.png\" alt=\"\" class=\"wp-image-698\" style=\"object-fit:cover;width:600px;height:400px\" srcset=\"https:\/\/glozanov.dectim.ca\/phase_zero\/wp-content\/uploads\/2026\/03\/ChatGPT-Image-Mar-23-2026-03_35_53-PM.png 1536w, https:\/\/glozanov.dectim.ca\/phase_zero\/wp-content\/uploads\/2026\/03\/ChatGPT-Image-Mar-23-2026-03_35_53-PM-300x200.png 300w, https:\/\/glozanov.dectim.ca\/phase_zero\/wp-content\/uploads\/2026\/03\/ChatGPT-Image-Mar-23-2026-03_35_53-PM-1024x683.png 1024w, https:\/\/glozanov.dectim.ca\/phase_zero\/wp-content\/uploads\/2026\/03\/ChatGPT-Image-Mar-23-2026-03_35_53-PM-768x512.png 768w\" sizes=\"auto, (max-width: 1536px) 100vw, 1536px\" \/><\/figure>\n<\/div>\n\n\n\n<div class=\"wp-block-group wp-container-content-dc816804 is-layout-constrained wp-block-group-is-layout-constrained\">\n<h3 class=\"wp-block-heading animated slideInDown delay-100ms\"><strong>Ce service est pour&#8230;<\/strong><\/h3>\n\n\n\n<p class=\"animated fadeInRight delay-200ms has-medium-font-size\">Studios, \u00e9diteurs et \u00e9quipes ind\u00e9pendantes. Id\u00e9al pour r\u00e9duire les bugs, s\u00e9curiser vos livraisons et am\u00e9liorer l\u2019exp\u00e9rience joueur.<\/p>\n<\/div>\n<\/div>\n<\/div>\n\n\n\n<div class=\"wp-block-group alignfull animated zoomIn has-ast-global-color-5-background-color has-background is-layout-constrained wp-container-core-group-is-layout-7db9d80f wp-block-group-is-layout-constrained\" style=\"padding-right:0;padding-left:0\">\n<div class=\"wp-block-group alignwide is-horizontal is-content-justification-left is-layout-flex wp-container-core-group-is-layout-e1eb4948 wp-block-group-is-layout-flex\" style=\"padding-right:0;padding-left:0\">\n<div class=\"wp-block-group has-ast-global-color-4-background-color has-background wp-container-content-9cfa9a5a is-content-justification-left is-layout-constrained wp-container-core-group-is-layout-427dcf14 wp-block-group-is-layout-constrained\" style=\"margin-top:0px;margin-bottom:0px;padding-top:32px;padding-right:32px;padding-bottom:32px;padding-left:32px\">\n<h2 class=\"wp-block-heading animated slideInDown delay-100ms\"><strong>Notre m\u00e9thodologie<\/strong><\/h2>\n\n\n\n<ol class=\"wp-block-list\">\n<li class=\"animated fadeInLeft delay-100ms has-medium-font-size\">Analyse<\/li>\n\n\n\n<li class=\"animated fadeInLeft delay-200ms has-medium-font-size\">Objectifs QA<\/li>\n\n\n\n<li class=\"animated fadeInLeft o-anim-custom-delay undefined o-anim-value-delay-0.3s has-medium-font-size\">Plan de test<\/li>\n\n\n\n<li class=\"animated fadeInLeft o-anim-custom-delay undefined o-anim-value-delay-0.4s has-medium-font-size\">Pr\u00e9paration des environnements<\/li>\n\n\n\n<li class=\"animated fadeInLeft o-anim-custom-delay undefined o-anim-value-delay-0.5s has-medium-font-size\">Ex\u00e9cution des tests<\/li>\n\n\n\n<li class=\"animated fadeInLeft o-anim-custom-delay undefined o-anim-value-delay-0.6s has-medium-font-size\">D\u00e9tection des anomalies<\/li>\n\n\n\n<li class=\"animated fadeInLeft o-anim-custom-delay undefined o-anim-value-delay-0.7s has-medium-font-size\">Documentation<\/li>\n\n\n\n<li class=\"animated fadeInLeft o-anim-custom-delay undefined o-anim-value-delay-0.8s has-medium-font-size\">Priorisation<\/li>\n\n\n\n<li class=\"animated fadeInLeft o-anim-custom-delay undefined o-anim-value-delay-0.9s has-medium-font-size\">Validation<\/li>\n\n\n\n<li class=\"animated fadeInLeft o-anim-custom-delay undefined o-anim-value-delay-0.9s has-medium-font-size\">Rapport final.<\/li>\n<\/ol>\n<\/div>\n\n\n\n<div class=\"wp-block-group has-ast-global-color-4-background-color has-background wp-container-content-9cfa9a5a is-content-justification-left is-layout-constrained wp-container-core-group-is-layout-427dcf14 wp-block-group-is-layout-constrained\" style=\"margin-top:0px;margin-bottom:0px;padding-top:32px;padding-right:32px;padding-bottom:32px;padding-left:32px\">\n<h2 class=\"wp-block-heading animated slideInDown delay-100ms\"><strong>Tendances et<br>bonnes pratiques<\/strong><\/h2>\n\n\n\n<ul class=\"wp-block-list\">\n<li class=\"animated fadeInRight delay-100ms has-medium-font-size\">Automatisation des tests<\/li>\n\n\n\n<li class=\"animated fadeInRight delay-200ms has-medium-font-size\">QA en continu<\/li>\n\n\n\n<li class=\"animated fadeInRight o-anim-custom-delay undefined o-anim-value-delay-0.3s has-medium-font-size\">Int\u00e9gration aux pipelines CI\/CD<\/li>\n\n\n\n<li class=\"animated fadeInRight o-anim-custom-delay undefined o-anim-value-delay-0.4s has-medium-font-size\">Accent accru sur la performance<\/li>\n\n\n\n<li class=\"animated fadeInRight o-anim-custom-delay undefined o-anim-value-delay-0.5s has-medium-font-size\">Compatibilit\u00e9 multiplateforme<\/li>\n<\/ul>\n<\/div>\n<\/div>\n<\/div>\n\n\n\n<div class=\"wp-block-group alignfull animated zoomIn is-layout-constrained wp-block-group-is-layout-constrained\">\n<div class=\"wp-block-group alignwide is-layout-grid wp-container-core-group-is-layout-f07626be wp-block-group-is-layout-grid\" style=\"padding-right:0;padding-left:0\">\n<div class=\"wp-block-group wp-container-content-6202d29e is-layout-constrained wp-block-group-is-layout-constrained\">\n<h3 class=\"wp-block-heading animated slideInDown delay-100ms\"><strong>Livrables<\/strong><\/h3>\n\n\n\n<ul class=\"wp-block-list\">\n<li class=\"animated fadeInLeft delay-100ms has-ast-global-color-3-color has-text-color has-link-color has-medium-font-size wp-elements-2d10fcf8349f306636c6e1beed8016e5\">Rapports de bugs<\/li>\n\n\n\n<li class=\"animated fadeInLeft delay-200ms has-ast-global-color-3-color has-text-color has-link-color has-medium-font-size wp-elements-57b5f6c1baac38fbf2e10cb0650a7442\">Plans de test<\/li>\n\n\n\n<li class=\"animated fadeInLeft o-anim-custom-delay undefined o-anim-value-delay-0.3s has-ast-global-color-3-color has-text-color has-link-color has-medium-font-size wp-elements-3f8e5044912134e3c388c6d199cfb6e8\">Documentation AQ<\/li>\n\n\n\n<li class=\"animated fadeInLeft o-anim-custom-delay undefined o-anim-value-delay-0.4s has-medium-font-size\">Recommandations concr\u00e8tes<\/li>\n<\/ul>\n<\/div>\n\n\n\n<div class=\"wp-block-group wp-container-content-36e18b44 is-layout-constrained wp-block-group-is-layout-constrained\">\n<figure class=\"wp-block-image size-full is-resized animated fadeInRight\"><img loading=\"lazy\" decoding=\"async\" width=\"1536\" height=\"1024\" src=\"https:\/\/glozanov.dectim.ca\/phase_zero\/wp-content\/uploads\/2026\/03\/ChatGPT-Image-Mar-23-2026-04_17_46-PM.png\" alt=\"\" class=\"wp-image-720\" style=\"object-fit:cover;width:1000px;height:200px\" srcset=\"https:\/\/glozanov.dectim.ca\/phase_zero\/wp-content\/uploads\/2026\/03\/ChatGPT-Image-Mar-23-2026-04_17_46-PM.png 1536w, https:\/\/glozanov.dectim.ca\/phase_zero\/wp-content\/uploads\/2026\/03\/ChatGPT-Image-Mar-23-2026-04_17_46-PM-300x200.png 300w, https:\/\/glozanov.dectim.ca\/phase_zero\/wp-content\/uploads\/2026\/03\/ChatGPT-Image-Mar-23-2026-04_17_46-PM-1024x683.png 1024w, https:\/\/glozanov.dectim.ca\/phase_zero\/wp-content\/uploads\/2026\/03\/ChatGPT-Image-Mar-23-2026-04_17_46-PM-768x512.png 768w\" sizes=\"auto, (max-width: 1536px) 100vw, 1536px\" \/><\/figure>\n<\/div>\n<\/div>\n<\/div>\n\n\n\n<div class=\"wp-block-group alignfull animated zoomIn has-ast-global-color-5-background-color has-background is-layout-constrained wp-block-group-is-layout-constrained\">\n<div class=\"wp-block-columns alignwide is-layout-flex wp-container-core-columns-is-layout-15a5cba5 wp-block-columns-is-layout-flex\" style=\"padding-right:0px;padding-left:0px\">\n<div class=\"wp-block-column is-layout-flow wp-block-column-is-layout-flow\" style=\"flex-basis:100%\">\n<figure class=\"wp-block-image size-large animated fadeInLeft\"><img loading=\"lazy\" decoding=\"async\" width=\"1024\" height=\"683\" src=\"https:\/\/glozanov.dectim.ca\/phase_zero\/wp-content\/uploads\/2026\/03\/ChatGPT-Image-Mar-23-2026-04_31_34-PM-1024x683.png\" alt=\"\" class=\"wp-image-743\" srcset=\"https:\/\/glozanov.dectim.ca\/phase_zero\/wp-content\/uploads\/2026\/03\/ChatGPT-Image-Mar-23-2026-04_31_34-PM-1024x683.png 1024w, https:\/\/glozanov.dectim.ca\/phase_zero\/wp-content\/uploads\/2026\/03\/ChatGPT-Image-Mar-23-2026-04_31_34-PM-300x200.png 300w, https:\/\/glozanov.dectim.ca\/phase_zero\/wp-content\/uploads\/2026\/03\/ChatGPT-Image-Mar-23-2026-04_31_34-PM-768x512.png 768w, https:\/\/glozanov.dectim.ca\/phase_zero\/wp-content\/uploads\/2026\/03\/ChatGPT-Image-Mar-23-2026-04_31_34-PM.png 1536w\" sizes=\"auto, (max-width: 1024px) 100vw, 1024px\" \/><\/figure>\n<\/div>\n\n\n\n<div class=\"wp-block-column is-vertically-aligned-center is-layout-flow wp-container-core-column-is-layout-8a368f38 wp-block-column-is-layout-flow\" style=\"flex-basis:100%\">\n<div class=\"wp-block-group has-ast-global-color-4-background-color has-background is-content-justification-left is-layout-constrained wp-container-core-group-is-layout-a03373f3 wp-block-group-is-layout-constrained\" style=\"margin-top:0px;margin-bottom:0px;padding-top:32px;padding-right:32px;padding-bottom:32px;padding-left:32px\">\n<h2 class=\"wp-block-heading animated slideInDown delay-100ms\"><strong>AQ pr\u00e9-lancement pour jeu mobile<\/strong><\/h2>\n\n\n\n<p class=\"animated fadeInRight delay-100ms has-medium-font-size\">AQ compl\u00e8te pour un jeu mobile avant lancement : identification et priorisation de bugs critiques, am\u00e9lioration de la performance et validation finale pour une mise en march\u00e9 stable.<\/p>\n<\/div>\n<\/div>\n<\/div>\n<\/div>\n\n\n\n<div class=\"wp-block-group alignfull animated zoomIn has-ast-global-color-5-background-color has-background is-layout-constrained wp-block-group-is-layout-constrained\">\n<div class=\"wp-block-columns alignwide is-layout-flex wp-container-core-columns-is-layout-15a5cba5 wp-block-columns-is-layout-flex\" style=\"padding-right:0px;padding-left:0px\">\n<div class=\"wp-block-column is-layout-flow wp-block-column-is-layout-flow\" style=\"flex-basis:100%\">\n<figure class=\"wp-block-image size-large animated fadeInLeft\"><img loading=\"lazy\" decoding=\"async\" width=\"1024\" height=\"683\" src=\"https:\/\/glozanov.dectim.ca\/phase_zero\/wp-content\/uploads\/2026\/03\/ChatGPT-Image-Mar-23-2026-04_47_53-PM-1024x683.png\" alt=\"\" class=\"wp-image-766\" srcset=\"https:\/\/glozanov.dectim.ca\/phase_zero\/wp-content\/uploads\/2026\/03\/ChatGPT-Image-Mar-23-2026-04_47_53-PM-1024x683.png 1024w, https:\/\/glozanov.dectim.ca\/phase_zero\/wp-content\/uploads\/2026\/03\/ChatGPT-Image-Mar-23-2026-04_47_53-PM-300x200.png 300w, https:\/\/glozanov.dectim.ca\/phase_zero\/wp-content\/uploads\/2026\/03\/ChatGPT-Image-Mar-23-2026-04_47_53-PM-768x512.png 768w, https:\/\/glozanov.dectim.ca\/phase_zero\/wp-content\/uploads\/2026\/03\/ChatGPT-Image-Mar-23-2026-04_47_53-PM.png 1536w\" sizes=\"auto, (max-width: 1024px) 100vw, 1024px\" \/><\/figure>\n<\/div>\n\n\n\n<div class=\"wp-block-column is-vertically-aligned-center is-layout-flow wp-block-column-is-layout-flow\" style=\"flex-basis:100%\">\n<div class=\"wp-block-group has-ast-global-color-4-background-color has-background is-content-justification-left is-layout-constrained wp-container-core-group-is-layout-a03373f3 wp-block-group-is-layout-constrained\" style=\"margin-top:0px;margin-bottom:0px;padding-top:32px;padding-right:32px;padding-bottom:32px;padding-left:32px\">\n<h2 class=\"wp-block-heading animated slideInDown delay-100ms\"><strong>Validation multiplateforme PC et console<\/strong><\/h2>\n\n\n\n<p class=\"animated fadeInRight delay-100ms has-medium-font-size\">Tests multiplateforme pour un jeu PC\/console : v\u00e9rification de la compatibilit\u00e9, correction des anomalies majeures et optimisation de l\u2019exp\u00e9rience utilisateur sur chaque support.<\/p>\n<\/div>\n<\/div>\n<\/div>\n<\/div>\n\n\n\n<div class=\"wp-block-group alignfull animated zoomIn is-layout-constrained wp-block-group-is-layout-constrained\">\n<div class=\"wp-block-group alignwide is-horizontal is-content-justification-left is-layout-flex wp-container-core-group-is-layout-858090f2 wp-block-group-is-layout-flex\">\n<div class=\"wp-block-columns is-layout-flex wp-container-core-columns-is-layout-28f84493 wp-block-columns-is-layout-flex\">\n<div class=\"wp-block-column is-layout-flow wp-block-column-is-layout-flow\" style=\"flex-basis:50%\">\n<div class=\"wp-block-group has-ast-global-color-4-background-color has-background is-content-justification-left is-layout-constrained wp-container-core-group-is-layout-a03373f3 wp-block-group-is-layout-constrained\" style=\"margin-top:0px;margin-bottom:0px;padding-top:32px;padding-right:32px;padding-bottom:32px;padding-left:32px\">\n<h2 class=\"wp-block-heading animated slideInDown delay-100ms\"><strong>FAQ<\/strong><\/h2>\n\n\n\n<p class=\"animated fadeInLeft delay-100ms has-medium-font-size\"><strong>Quels tests?<\/strong><br>\u21b3 Fonctionnels, performance, compatibilit\u00e9.<\/p>\n\n\n\n<p class=\"animated fadeInLeft delay-200ms has-medium-font-size\"><br>\u2028<strong>Quand intervenir?<\/strong><br>\u21b3 \u00c0 toutes les \u00e9tapes du projet.<\/p>\n\n\n\n<p class=\"animated fadeInLeft o-anim-custom-delay undefined o-anim-value-delay-0.3s has-medium-font-size\"><br>\u2028<strong>Quels livrables?<\/strong><br>\u21b3 Rapports clairs et exploitables.<\/p>\n<\/div>\n<\/div>\n\n\n\n<div class=\"wp-block-column is-layout-flow wp-block-column-is-layout-flow\" style=\"flex-basis:50%\">\n<figure class=\"wp-block-image size-full animated fadeInRight wp-container-content-9cfa9a5a\"><img loading=\"lazy\" decoding=\"async\" width=\"1536\" height=\"1024\" src=\"https:\/\/glozanov.dectim.ca\/phase_zero\/wp-content\/uploads\/2026\/03\/ChatGPT-Image-Mar-23-2026-04_50_19-PM.png\" alt=\"\" class=\"wp-image-774\" style=\"object-fit:cover\" srcset=\"https:\/\/glozanov.dectim.ca\/phase_zero\/wp-content\/uploads\/2026\/03\/ChatGPT-Image-Mar-23-2026-04_50_19-PM.png 1536w, https:\/\/glozanov.dectim.ca\/phase_zero\/wp-content\/uploads\/2026\/03\/ChatGPT-Image-Mar-23-2026-04_50_19-PM-300x200.png 300w, https:\/\/glozanov.dectim.ca\/phase_zero\/wp-content\/uploads\/2026\/03\/ChatGPT-Image-Mar-23-2026-04_50_19-PM-1024x683.png 1024w, https:\/\/glozanov.dectim.ca\/phase_zero\/wp-content\/uploads\/2026\/03\/ChatGPT-Image-Mar-23-2026-04_50_19-PM-768x512.png 768w\" sizes=\"auto, (max-width: 1536px) 100vw, 1536px\" \/><\/figure>\n<\/div>\n<\/div>\n<\/div>\n<\/div>\n\n\n\n<div class=\"wp-block-buttons is-content-justification-center is-layout-flex wp-container-core-buttons-is-layout-136cfc80 wp-block-buttons-is-layout-flex\" style=\"padding-bottom:32px\">\n<div class=\"wp-block-button animated fadeInUp delay-500ms\"><a class=\"wp-block-button__link wp-element-button\" href=\"https:\/\/glozanov.dectim.ca\/phase_zero\/contact\/\" style=\"border-top-left-radius:0px;border-top-right-radius:0px;border-bottom-left-radius:0px;border-bottom-right-radius:0px\">Nous rejoindre<\/a><\/div>\n<\/div>\n","protected":false},"excerpt":{"rendered":"<p>Ce service est pour&#8230; Studios, \u00e9diteurs et \u00e9quipes ind\u00e9pendantes. Id\u00e9al pour r\u00e9duire les bugs, s\u00e9curiser vos livraisons et am\u00e9liorer l\u2019exp\u00e9rience [&hellip;]<\/p>\n","protected":false},"author":2,"featured_media":0,"parent":0,"menu_order":0,"comment_status":"closed","ping_status":"closed","template":"","meta":{"site-sidebar-layout":"default","site-content-layout":"","ast-site-content-layout":"default","site-content-style":"default","site-sidebar-style":"default","ast-global-header-display":"","ast-banner-title-visibility":"","ast-main-header-display":"","ast-hfb-above-header-display":"","ast-hfb-below-header-display":"","ast-hfb-mobile-header-display":"","site-post-title":"disabled","ast-breadcrumbs-content":"","ast-featured-img":"","footer-sml-layout":"","ast-disable-related-posts":"","theme-transparent-header-meta":"","adv-header-id-meta":"","stick-header-meta":"","header-above-stick-meta":"","header-main-stick-meta":"","header-below-stick-meta":"","astra-migrate-meta-layouts":"default","ast-page-background-enabled":"default","ast-page-background-meta":{"desktop":{"background-color":"var(--ast-global-color-5)","background-image":"","background-repeat":"repeat","background-position":"center center","background-size":"auto","background-attachment":"scroll","background-type":"","background-media":"","overlay-type":"","overlay-color":"","overlay-opacity":"","overlay-gradient":""},"tablet":{"background-color":"","background-image":"","background-repeat":"repeat","background-position":"center center","background-size":"auto","background-attachment":"scroll","background-type":"","background-media":"","overlay-type":"","overlay-color":"","overlay-opacity":"","overlay-gradient":""},"mobile":{"background-color":"","background-image":"","background-repeat":"repeat","background-position":"center center","background-size":"auto","background-attachment":"scroll","background-type":"","background-media":"","overlay-type":"","overlay-color":"","overlay-opacity":"","overlay-gradient":""}},"ast-content-background-meta":{"desktop":{"background-color":"var(--ast-global-color-4)","background-image":"","background-repeat":"repeat","background-position":"center center","background-size":"auto","background-attachment":"scroll","background-type":"","background-media":"","overlay-type":"","overlay-color":"","overlay-opacity":"","overlay-gradient":""},"tablet":{"background-color":"var(--ast-global-color-4)","background-image":"","background-repeat":"repeat","background-position":"center center","background-size":"auto","background-attachment":"scroll","background-type":"","background-media":"","overlay-type":"","overlay-color":"","overlay-opacity":"","overlay-gradient":""},"mobile":{"background-color":"var(--ast-global-color-4)","background-image":"","background-repeat":"repeat","background-position":"center center","background-size":"auto","background-attachment":"scroll","background-type":"","background-media":"","overlay-type":"","overlay-color":"","overlay-opacity":"","overlay-gradient":""}},"footnotes":""},"class_list":["post-619","page","type-page","status-publish","hentry"],"_links":{"self":[{"href":"https:\/\/glozanov.dectim.ca\/phase_zero\/wp-json\/wp\/v2\/pages\/619","targetHints":{"allow":["GET"]}}],"collection":[{"href":"https:\/\/glozanov.dectim.ca\/phase_zero\/wp-json\/wp\/v2\/pages"}],"about":[{"href":"https:\/\/glozanov.dectim.ca\/phase_zero\/wp-json\/wp\/v2\/types\/page"}],"author":[{"embeddable":true,"href":"https:\/\/glozanov.dectim.ca\/phase_zero\/wp-json\/wp\/v2\/users\/2"}],"replies":[{"embeddable":true,"href":"https:\/\/glozanov.dectim.ca\/phase_zero\/wp-json\/wp\/v2\/comments?post=619"}],"version-history":[{"count":85,"href":"https:\/\/glozanov.dectim.ca\/phase_zero\/wp-json\/wp\/v2\/pages\/619\/revisions"}],"predecessor-version":[{"id":1350,"href":"https:\/\/glozanov.dectim.ca\/phase_zero\/wp-json\/wp\/v2\/pages\/619\/revisions\/1350"}],"wp:attachment":[{"href":"https:\/\/glozanov.dectim.ca\/phase_zero\/wp-json\/wp\/v2\/media?parent=619"}],"curies":[{"name":"wp","href":"https:\/\/api.w.org\/{rel}","templated":true}]}}