{"id":18,"date":"2026-02-10T10:48:56","date_gmt":"2026-02-10T15:48:56","guid":{"rendered":"https:\/\/glozanov.dectim.ca\/phase_zero\/?page_id=18"},"modified":"2026-05-12T07:41:35","modified_gmt":"2026-05-12T11:41:35","slug":"services","status":"publish","type":"page","link":"https:\/\/glozanov.dectim.ca\/phase_zero\/services\/","title":{"rendered":"Services"},"content":{"rendered":"\n<div class=\"wp-block-cover alignfull\" style=\"min-height:674px;aspect-ratio:unset;\"><img loading=\"lazy\" decoding=\"async\" width=\"1671\" height=\"940\" class=\"wp-block-cover__image-background wp-image-608 size-full\" alt=\"\" src=\"https:\/\/glozanov.dectim.ca\/phase_zero\/wp-content\/uploads\/2026\/03\/ChatGPT-Image-Mar-22-2026-05_20_21-PM.png\" data-object-fit=\"cover\" srcset=\"https:\/\/glozanov.dectim.ca\/phase_zero\/wp-content\/uploads\/2026\/03\/ChatGPT-Image-Mar-22-2026-05_20_21-PM.png 1671w, https:\/\/glozanov.dectim.ca\/phase_zero\/wp-content\/uploads\/2026\/03\/ChatGPT-Image-Mar-22-2026-05_20_21-PM-300x169.png 300w, https:\/\/glozanov.dectim.ca\/phase_zero\/wp-content\/uploads\/2026\/03\/ChatGPT-Image-Mar-22-2026-05_20_21-PM-1024x576.png 1024w, https:\/\/glozanov.dectim.ca\/phase_zero\/wp-content\/uploads\/2026\/03\/ChatGPT-Image-Mar-22-2026-05_20_21-PM-768x432.png 768w, https:\/\/glozanov.dectim.ca\/phase_zero\/wp-content\/uploads\/2026\/03\/ChatGPT-Image-Mar-22-2026-05_20_21-PM-1536x864.png 1536w\" sizes=\"auto, (max-width: 1671px) 100vw, 1671px\" \/><span aria-hidden=\"true\" class=\"wp-block-cover__background has-background-dim\" style=\"background-color:#5d5954\"><\/span><div class=\"wp-block-cover__inner-container is-layout-constrained wp-block-cover-is-layout-constrained\">\n<div class=\"wp-block-group is-content-justification-center is-layout-constrained wp-block-group-is-layout-constrained\" style=\"margin-top:0;margin-bottom:0\">\n<div class=\"wp-block-columns are-vertically-aligned-top is-layout-flex wp-container-core-columns-is-layout-2d2486d4 wp-block-columns-is-layout-flex\" style=\"margin-top:0vh;margin-bottom:0%\">\n<div class=\"wp-block-column is-vertically-aligned-top is-layout-flow wp-block-column-is-layout-flow\" style=\"padding-top:0;padding-right:0;padding-bottom:0;padding-left:0;flex-basis:500px\">\n<h1 class=\"wp-block-heading has-text-align-center animated backInDown delay-500ms has-ast-global-color-2-color has-ast-global-color-4-background-color has-text-color has-background has-link-color wp-elements-24b7530d0dcdbe23c583e3c65a0517f0\" style=\"padding-top:24px;padding-right:16px;padding-bottom:24px;padding-left:16px\">Nos Services<\/h1>\n<\/div>\n\n\n\n<div class=\"wp-block-column is-vertically-aligned-top is-layout-flow wp-block-column-is-layout-flow\" style=\"flex-basis:0%\"><\/div>\n<\/div>\n\n\n\n<div class=\"wp-block-columns is-layout-flex wp-container-core-columns-is-layout-9953db16 wp-block-columns-is-layout-flex\" style=\"margin-top:30%;margin-bottom:0%\">\n<div class=\"wp-block-column is-layout-flow wp-block-column-is-layout-flow\" style=\"flex-basis:50%\"><\/div>\n\n\n\n<div class=\"wp-block-column is-layout-flow wp-block-column-is-layout-flow\" style=\"flex-basis:50%\">\n<h4 class=\"wp-block-heading has-text-align-left animated backInUp delay-500ms has-ast-global-color-2-color has-ast-global-color-4-background-color has-text-color has-background has-link-color wp-elements-10633e8158a28eb35e17b57abcb5f6a5\">Accompagne les studios dans la <strong>validation <\/strong>des concepts et la <strong>qualit\u00e9 <\/strong>avant livraison. La mission est de r\u00e9duire l\u2019incertitude et de renforcer la <strong>fiabilit\u00e9 <\/strong>gr\u00e2ce \u00e0 des m\u00e9thodes claires et \u00e9prouv\u00e9es.<\/h4>\n<\/div>\n<\/div>\n<\/div>\n<\/div><\/div>\n\n\n\n<div class=\"wp-block-group alignfull has-ast-global-color-5-background-color has-background is-vertical is-content-justification-center is-layout-flex wp-container-core-group-is-layout-2f08648d wp-block-group-is-layout-flex\">\n<div class=\"wp-block-cover animated zoomIn\" style=\"margin-top:32px;margin-bottom:32px\"><img loading=\"lazy\" decoding=\"async\" width=\"816\" height=\"459\" class=\"wp-block-cover__image-background wp-image-703 size-full\" alt=\"\" src=\"https:\/\/glozanov.dectim.ca\/phase_zero\/wp-content\/uploads\/2026\/03\/prototypage_banniere.jpg\" data-object-fit=\"cover\" srcset=\"https:\/\/glozanov.dectim.ca\/phase_zero\/wp-content\/uploads\/2026\/03\/prototypage_banniere.jpg 816w, https:\/\/glozanov.dectim.ca\/phase_zero\/wp-content\/uploads\/2026\/03\/prototypage_banniere-300x169.jpg 300w, https:\/\/glozanov.dectim.ca\/phase_zero\/wp-content\/uploads\/2026\/03\/prototypage_banniere-768x432.jpg 768w\" sizes=\"auto, (max-width: 816px) 100vw, 816px\" \/><span aria-hidden=\"true\" class=\"wp-block-cover__background has-ast-global-color-5-background-color has-background-dim-60 has-background-dim\"><\/span><div class=\"wp-block-cover__inner-container is-layout-constrained wp-container-core-cover-is-layout-bb62a349 wp-block-cover-is-layout-constrained\">\n<h2 class=\"wp-block-heading has-text-align-left animated slideInDown delay-100ms has-ast-global-color-2-color has-text-color has-link-color has-large-font-size wp-elements-73542884e1d532d20bfd6b1ff14f2e6c\"><strong>Prototypage<\/strong><\/h2>\n\n\n\n<div class=\"wp-block-columns is-layout-flex wp-container-core-columns-is-layout-0b1b1420 wp-block-columns-is-layout-flex\" style=\"margin-top:24px;margin-bottom:0;padding-top:0;padding-right:0;padding-bottom:0;padding-left:0\">\n<div class=\"wp-block-column is-layout-flow wp-block-column-is-layout-flow\" style=\"padding-top:0;padding-bottom:0\">\n<p class=\"animated fadeInLeft delay-200ms has-ast-global-color-4-background-color has-background has-medium-font-size\">Validation rapide de m\u00e9caniques, syst\u00e8mes et boucles de jeu via des proofs of concept fonctionnels. Objectif : tester la faisabilit\u00e9, mesurer l\u2019impact sur la performance et orienter les d\u00e9cisions de production.<\/p>\n<\/div>\n\n\n\n<div class=\"wp-block-column is-layout-flow wp-container-core-column-is-layout-b2a27621 wp-block-column-is-layout-flow\" style=\"padding-top:0;padding-right:0;padding-bottom:0;padding-left:0\"><\/div>\n<\/div>\n\n\n\n<div class=\"wp-block-buttons is-content-justification-right is-layout-flex wp-container-core-buttons-is-layout-d445cf74 wp-block-buttons-is-layout-flex\">\n<div class=\"wp-block-button animated fadeInLeft delay-500ms\"><a class=\"wp-block-button__link wp-element-button\" href=\"https:\/\/glozanov.dectim.ca\/phase_zero\/service-prototypage\/\" style=\"border-top-left-radius:0px;border-top-right-radius:0px;border-bottom-left-radius:0px;border-bottom-right-radius:0px\">En savoir plus<\/a><\/div>\n<\/div>\n<\/div><\/div>\n\n\n\n<div class=\"wp-block-cover animated zoomIn\" style=\"margin-top:0px;margin-bottom:32px\"><img loading=\"lazy\" decoding=\"async\" width=\"816\" height=\"474\" class=\"wp-block-cover__image-background wp-image-719 size-full\" alt=\"\" src=\"https:\/\/glozanov.dectim.ca\/phase_zero\/wp-content\/uploads\/2026\/03\/assurance_qualite_banniere-1.jpg\" style=\"object-position:50% 51%\" data-object-fit=\"cover\" data-object-position=\"50% 51%\" srcset=\"https:\/\/glozanov.dectim.ca\/phase_zero\/wp-content\/uploads\/2026\/03\/assurance_qualite_banniere-1.jpg 816w, https:\/\/glozanov.dectim.ca\/phase_zero\/wp-content\/uploads\/2026\/03\/assurance_qualite_banniere-1-300x174.jpg 300w, https:\/\/glozanov.dectim.ca\/phase_zero\/wp-content\/uploads\/2026\/03\/assurance_qualite_banniere-1-768x446.jpg 768w\" sizes=\"auto, (max-width: 816px) 100vw, 816px\" \/><span aria-hidden=\"true\" class=\"wp-block-cover__background has-ast-global-color-5-background-color has-background-dim-60 has-background-dim\"><\/span><div class=\"wp-block-cover__inner-container is-layout-constrained wp-block-cover-is-layout-constrained\">\n<h2 class=\"wp-block-heading has-text-align-left animated slideInDown delay-100ms has-ast-global-color-2-color has-text-color has-link-color has-large-font-size wp-elements-c86c35d859a61c04d0ecebf2741c85c9\"><strong>Assurance qualit\u00e9<\/strong> <strong>(AQ)<\/strong><\/h2>\n\n\n\n<div class=\"wp-block-columns is-layout-flex wp-container-core-columns-is-layout-28f84493 wp-block-columns-is-layout-flex\">\n<div class=\"wp-block-column is-layout-flow wp-block-column-is-layout-flow\">\n<p class=\"animated fadeInLeft delay-200ms has-ast-global-color-4-background-color has-background has-medium-font-size\">Planification et ex\u00e9cution de strat\u00e9gies de test structur\u00e9es pour d\u00e9tecter, prioriser et documenter les anomalies. Objectif : garantir stabilit\u00e9, performance et conformit\u00e9 aux exigences produit.<\/p>\n<\/div>\n\n\n\n<div class=\"wp-block-column is-layout-flow wp-block-column-is-layout-flow\"><\/div>\n<\/div>\n\n\n\n<div class=\"wp-block-buttons is-content-justification-right is-layout-flex wp-container-core-buttons-is-layout-d445cf74 wp-block-buttons-is-layout-flex\" style=\"border-top-left-radius:0px;border-top-right-radius:0px;border-bottom-left-radius:0px;border-bottom-right-radius:0px\">\n<div class=\"wp-block-button animated fadeInLeft delay-500ms\"><a class=\"wp-block-button__link wp-element-button\" href=\"https:\/\/glozanov.dectim.ca\/phase_zero\/service\/\" style=\"border-top-left-radius:0px;border-top-right-radius:0px;border-bottom-left-radius:0px;border-bottom-right-radius:0px\">En savoir plus<\/a><\/div>\n<\/div>\n<\/div><\/div>\n<\/div>\n\n\n\n<div class=\"wp-block-group is-layout-grid wp-container-core-group-is-layout-6607b13c wp-block-group-is-layout-grid\">\n<div class=\"wp-block-group wp-container-content-ea50605d is-layout-constrained wp-block-group-is-layout-constrained\">\n<h3 class=\"wp-block-heading animated fadeInLeft\"><strong>T\u00e9moignages<\/strong><\/h3>\n\n\n\n<p class=\"animated fadeInLeft delay-200ms has-medium-font-size\">\u00ab Le prototype livr\u00e9 en deux semaines a clarifi\u00e9 nos choix de design et \u00e9vit\u00e9 une refonte co\u00fbteuse. \u00bb \u2014 <strong>Studio Atlas\u2028<\/strong><\/p>\n\n\n\n<p class=\"animated fadeInLeft delay-500ms has-medium-font-size\">\u00ab La couverture AQ a stabilis\u00e9 notre build pr\u00e9-lancement et r\u00e9duit les crashs de 70 %. \u00bb \u2014 <strong>NorthPlay<\/strong><\/p>\n<\/div>\n\n\n\n<div class=\"wp-block-group wp-container-content-ae573a14 is-layout-constrained wp-block-group-is-layout-constrained\">\n<figure class=\"wp-block-image size-full animated zoomIn\"><img loading=\"lazy\" decoding=\"async\" width=\"1836\" height=\"1872\" src=\"https:\/\/glozanov.dectim.ca\/phase_zero\/wp-content\/uploads\/2026\/04\/person-1.jpg\" alt=\"\" class=\"wp-image-1281\" srcset=\"https:\/\/glozanov.dectim.ca\/phase_zero\/wp-content\/uploads\/2026\/04\/person-1.jpg 1836w, https:\/\/glozanov.dectim.ca\/phase_zero\/wp-content\/uploads\/2026\/04\/person-1-294x300.jpg 294w, https:\/\/glozanov.dectim.ca\/phase_zero\/wp-content\/uploads\/2026\/04\/person-1-1004x1024.jpg 1004w, https:\/\/glozanov.dectim.ca\/phase_zero\/wp-content\/uploads\/2026\/04\/person-1-768x783.jpg 768w, https:\/\/glozanov.dectim.ca\/phase_zero\/wp-content\/uploads\/2026\/04\/person-1-1506x1536.jpg 1506w\" sizes=\"auto, (max-width: 1836px) 100vw, 1836px\" \/><\/figure>\n<\/div>\n<\/div>\n","protected":false},"excerpt":{"rendered":"<p>T\u00e9moignages \u00ab Le prototype livr\u00e9 en deux semaines a clarifi\u00e9 nos choix de design et \u00e9vit\u00e9 une refonte co\u00fbteuse. \u00bb [&hellip;]<\/p>\n","protected":false},"author":1,"featured_media":0,"parent":0,"menu_order":0,"comment_status":"closed","ping_status":"closed","template":"","meta":{"site-sidebar-layout":"default","site-content-layout":"","ast-site-content-layout":"default","site-content-style":"default","site-sidebar-style":"default","ast-global-header-display":"","ast-banner-title-visibility":"","ast-main-header-display":"","ast-hfb-above-header-display":"","ast-hfb-below-header-display":"","ast-hfb-mobile-header-display":"","site-post-title":"disabled","ast-breadcrumbs-content":"","ast-featured-img":"","footer-sml-layout":"","ast-disable-related-posts":"","theme-transparent-header-meta":"","adv-header-id-meta":"","stick-header-meta":"","header-above-stick-meta":"","header-main-stick-meta":"","header-below-stick-meta":"","astra-migrate-meta-layouts":"default","ast-page-background-enabled":"default","ast-page-background-meta":{"desktop":{"background-color":"var(--ast-global-color-5)","background-image":"","background-repeat":"repeat","background-position":"center center","background-size":"auto","background-attachment":"scroll","background-type":"","background-media":"","overlay-type":"","overlay-color":"","overlay-opacity":"","overlay-gradient":""},"tablet":{"background-color":"","background-image":"","background-repeat":"repeat","background-position":"center center","background-size":"auto","background-attachment":"scroll","background-type":"","background-media":"","overlay-type":"","overlay-color":"","overlay-opacity":"","overlay-gradient":""},"mobile":{"background-color":"","background-image":"","background-repeat":"repeat","background-position":"center center","background-size":"auto","background-attachment":"scroll","background-type":"","background-media":"","overlay-type":"","overlay-color":"","overlay-opacity":"","overlay-gradient":""}},"ast-content-background-meta":{"desktop":{"background-color":"var(--ast-global-color-4)","background-image":"","background-repeat":"repeat","background-position":"center center","background-size":"auto","background-attachment":"scroll","background-type":"","background-media":"","overlay-type":"","overlay-color":"","overlay-opacity":"","overlay-gradient":""},"tablet":{"background-color":"var(--ast-global-color-4)","background-image":"","background-repeat":"repeat","background-position":"center center","background-size":"auto","background-attachment":"scroll","background-type":"","background-media":"","overlay-type":"","overlay-color":"","overlay-opacity":"","overlay-gradient":""},"mobile":{"background-color":"var(--ast-global-color-4)","background-image":"","background-repeat":"repeat","background-position":"center center","background-size":"auto","background-attachment":"scroll","background-type":"","background-media":"","overlay-type":"","overlay-color":"","overlay-opacity":"","overlay-gradient":""}},"footnotes":""},"class_list":["post-18","page","type-page","status-publish","hentry"],"_links":{"self":[{"href":"https:\/\/glozanov.dectim.ca\/phase_zero\/wp-json\/wp\/v2\/pages\/18","targetHints":{"allow":["GET"]}}],"collection":[{"href":"https:\/\/glozanov.dectim.ca\/phase_zero\/wp-json\/wp\/v2\/pages"}],"about":[{"href":"https:\/\/glozanov.dectim.ca\/phase_zero\/wp-json\/wp\/v2\/types\/page"}],"author":[{"embeddable":true,"href":"https:\/\/glozanov.dectim.ca\/phase_zero\/wp-json\/wp\/v2\/users\/1"}],"replies":[{"embeddable":true,"href":"https:\/\/glozanov.dectim.ca\/phase_zero\/wp-json\/wp\/v2\/comments?post=18"}],"version-history":[{"count":59,"href":"https:\/\/glozanov.dectim.ca\/phase_zero\/wp-json\/wp\/v2\/pages\/18\/revisions"}],"predecessor-version":[{"id":1349,"href":"https:\/\/glozanov.dectim.ca\/phase_zero\/wp-json\/wp\/v2\/pages\/18\/revisions\/1349"}],"wp:attachment":[{"href":"https:\/\/glozanov.dectim.ca\/phase_zero\/wp-json\/wp\/v2\/media?parent=18"}],"curies":[{"name":"wp","href":"https:\/\/api.w.org\/{rel}","templated":true}]}}