{"id":16,"date":"2026-02-10T10:48:17","date_gmt":"2026-02-10T15:48:17","guid":{"rendered":"https:\/\/glozanov.dectim.ca\/phase_zero\/?page_id=16"},"modified":"2026-05-12T07:48:47","modified_gmt":"2026-05-12T11:48:47","slug":"equipes","status":"publish","type":"page","link":"https:\/\/glozanov.dectim.ca\/phase_zero\/equipes\/","title":{"rendered":"\u00c9quipe"},"content":{"rendered":"\n<div class=\"wp-block-cover alignfull is-light\" style=\"min-height:674px;aspect-ratio:unset;\"><img loading=\"lazy\" decoding=\"async\" width=\"1536\" height=\"1024\" class=\"wp-block-cover__image-background wp-image-601 size-full\" alt=\"\" src=\"https:\/\/glozanov.dectim.ca\/phase_zero\/wp-content\/uploads\/2026\/03\/Game-development-team-in-modern-office.png\" style=\"object-position:30% 0%\" data-object-fit=\"cover\" data-object-position=\"30% 0%\" srcset=\"https:\/\/glozanov.dectim.ca\/phase_zero\/wp-content\/uploads\/2026\/03\/Game-development-team-in-modern-office.png 1536w, https:\/\/glozanov.dectim.ca\/phase_zero\/wp-content\/uploads\/2026\/03\/Game-development-team-in-modern-office-300x200.png 300w, https:\/\/glozanov.dectim.ca\/phase_zero\/wp-content\/uploads\/2026\/03\/Game-development-team-in-modern-office-1024x683.png 1024w, https:\/\/glozanov.dectim.ca\/phase_zero\/wp-content\/uploads\/2026\/03\/Game-development-team-in-modern-office-768x512.png 768w\" sizes=\"auto, (max-width: 1536px) 100vw, 1536px\" \/><span aria-hidden=\"true\" class=\"wp-block-cover__background has-background-dim\" style=\"background-color:#aea9a9\"><\/span><div class=\"wp-block-cover__inner-container is-layout-constrained wp-block-cover-is-layout-constrained\">\n<div class=\"wp-block-group is-content-justification-center is-layout-constrained wp-block-group-is-layout-constrained\" style=\"margin-top:0;margin-bottom:0\">\n<div class=\"wp-block-columns are-vertically-aligned-top is-layout-flex wp-container-core-columns-is-layout-2d2486d4 wp-block-columns-is-layout-flex\" style=\"margin-top:0vh;margin-bottom:0%\">\n<div class=\"wp-block-column is-vertically-aligned-top is-layout-flow wp-block-column-is-layout-flow\" style=\"padding-top:0;padding-right:0;padding-bottom:0;padding-left:0;flex-basis:700px\">\n<h1 class=\"wp-block-heading has-text-align-center animated backInDown delay-500ms has-ast-global-color-2-color has-ast-global-color-4-background-color has-text-color has-background has-link-color wp-elements-a8e3d999b0b44b7893a8d63588f3b915\" style=\"padding-top:24px;padding-right:16px;padding-bottom:24px;padding-left:16px\">L\u2019\u00e9quipe Phase Z\u00e9ro<\/h1>\n<\/div>\n\n\n\n<div class=\"wp-block-column is-vertically-aligned-top is-layout-flow wp-block-column-is-layout-flow\" style=\"flex-basis:0%\"><\/div>\n<\/div>\n\n\n\n<div class=\"wp-block-columns is-layout-flex wp-container-core-columns-is-layout-9953db16 wp-block-columns-is-layout-flex\" style=\"margin-top:30%;margin-bottom:0%\">\n<div class=\"wp-block-column is-layout-flow wp-block-column-is-layout-flow\" style=\"flex-basis:50%\"><\/div>\n\n\n\n<div class=\"wp-block-column is-layout-flow wp-block-column-is-layout-flow\" style=\"flex-basis:50%\">\n<h4 class=\"wp-block-heading has-text-align-left animated backInUp delay-500ms has-ast-global-color-2-color has-ast-global-color-4-background-color has-text-color has-background has-link-color wp-elements-f95479b16acce639246fb7336600f0ae\">R\u00e9unit des sp\u00e9cialistes <strong>passionn\u00e9s <\/strong>du <strong>prototypage <\/strong>et de l\u2019<strong>assurance qualit\u00e9 <\/strong>pour le jeu vid\u00e9o. L\u2019\u00e9quipe valide rapidement les concepts et veille \u00e0 livrer des productions <strong>stables <\/strong>gr\u00e2ce \u00e0 une collaboration \u00e9troite avec les studios.<\/h4>\n<\/div>\n<\/div>\n<\/div>\n<\/div><\/div>\n\n\n\n<div class=\"wp-block-columns is-layout-flex wp-container-core-columns-is-layout-a051ee0b wp-block-columns-is-layout-flex\" style=\"padding-top:32px;padding-right:0;padding-bottom:32px;padding-left:0\">\n<div class=\"wp-block-column animated slideInLeft delay-200ms is-layout-flow wp-container-core-column-is-layout-fd134cff wp-block-column-is-layout-flow\" style=\"padding-right:0;padding-left:0;flex-basis:425.33px\">\n<div class=\"wp-block-cover is-light\" style=\"padding-right:81px;min-height:325px;aspect-ratio:unset;\"><img loading=\"lazy\" decoding=\"async\" width=\"426\" height=\"325\" class=\"wp-block-cover__image-background wp-image-510 size-full\" alt=\"\" src=\"https:\/\/glozanov.dectim.ca\/phase_zero\/wp-content\/uploads\/2026\/03\/top-1.jpg\" data-object-fit=\"cover\" srcset=\"https:\/\/glozanov.dectim.ca\/phase_zero\/wp-content\/uploads\/2026\/03\/top-1.jpg 426w, https:\/\/glozanov.dectim.ca\/phase_zero\/wp-content\/uploads\/2026\/03\/top-1-300x229.jpg 300w\" sizes=\"auto, (max-width: 426px) 100vw, 426px\" \/><span aria-hidden=\"true\" class=\"wp-block-cover__background has-background-dim-0 has-background-dim\" style=\"background-color:#b1a39a\"><\/span><div class=\"wp-block-cover__inner-container is-layout-constrained wp-container-core-cover-is-layout-8c59a296 wp-block-cover-is-layout-constrained\">\n<h2 class=\"wp-block-heading has-text-align-center animated fadeInLeft o-anim-custom-delay o-anim-value-delay-0.4s has-ast-global-color-2-color has-ast-global-color-4-background-color has-text-color has-background has-link-color has-large-font-size wp-elements-53b67a304d02a364a6e3a18552d6f233\" style=\"margin-top:79%;margin-right:0%;margin-bottom:0;padding-top:5px;padding-right:8px;padding-bottom:5px;padding-left:8px\"><strong>Alex Moreau<\/strong><\/h2>\n<\/div><\/div>\n\n\n\n<div class=\"wp-block-group has-background is-content-justification-space-between is-nowrap is-layout-flex wp-container-core-group-is-layout-fec9f5ad wp-block-group-is-layout-flex\" style=\"background-color:#253440;margin-top:0;margin-bottom:0;padding-top:var(--wp--preset--spacing--40);padding-right:var(--wp--preset--spacing--40);padding-bottom:var(--wp--preset--spacing--40);padding-left:var(--wp--preset--spacing--40)\">\n<h4 class=\"wp-block-heading\">Lead Prototypage<\/h4>\n\n\n\n<div class=\"wp-block-buttons is-layout-flex wp-block-buttons-is-layout-flex\">\n<div class=\"wp-block-button has-custom-width wp-block-button__width-100 animated fadeInUp o-anim-custom-delay o-anim-value-delay-0.4s\"><a class=\"wp-block-button__link wp-element-button\" href=\"https:\/\/glozanov.dectim.ca\/phase_zero\/fiche-equipe\/\" style=\"border-top-left-radius:0px;border-top-right-radius:0px;border-bottom-left-radius:0px;border-bottom-right-radius:0px;padding-top:var(--wp--preset--spacing--30);padding-right:var(--wp--preset--spacing--40);padding-bottom:var(--wp--preset--spacing--30);padding-left:var(--wp--preset--spacing--40)\">+<\/a><\/div>\n<\/div>\n<\/div>\n<\/div>\n\n\n\n<div class=\"wp-block-column animated slideInLeft delay-100ms is-layout-flow wp-block-column-is-layout-flow\" style=\"flex-basis:425.33px\">\n<div class=\"wp-block-cover is-light\" style=\"padding-right:38px;min-height:325px;aspect-ratio:unset;\"><img loading=\"lazy\" decoding=\"async\" width=\"426\" height=\"325\" class=\"wp-block-cover__image-background wp-image-511 size-full\" alt=\"\" src=\"https:\/\/glozanov.dectim.ca\/phase_zero\/wp-content\/uploads\/2026\/03\/top-1-1.jpg\" data-object-fit=\"cover\" srcset=\"https:\/\/glozanov.dectim.ca\/phase_zero\/wp-content\/uploads\/2026\/03\/top-1-1.jpg 426w, https:\/\/glozanov.dectim.ca\/phase_zero\/wp-content\/uploads\/2026\/03\/top-1-1-300x229.jpg 300w\" sizes=\"auto, (max-width: 426px) 100vw, 426px\" \/><span aria-hidden=\"true\" class=\"wp-block-cover__background has-background-dim-0 has-background-dim\" style=\"background-color:#bab3af\"><\/span><div class=\"wp-block-cover__inner-container is-layout-constrained wp-container-core-cover-is-layout-9baa10ec wp-block-cover-is-layout-constrained\">\n<h2 class=\"wp-block-heading has-text-align-center animated fadeInLeft o-anim-custom-delay undefined o-anim-value-delay-0.3s has-ast-global-color-2-color has-ast-global-color-4-background-color has-text-color has-background has-link-color has-large-font-size wp-elements-c662b436418c213d8c26463ee933d9cc\" style=\"margin-top:70%;margin-right:0%;margin-bottom:0;padding-top:5px;padding-right:8px;padding-bottom:5px;padding-left:8px\"><strong>Samira Benali<\/strong><\/h2>\n<\/div><\/div>\n\n\n\n<div class=\"wp-block-group has-background is-content-justification-space-between is-nowrap is-layout-flex wp-container-core-group-is-layout-fec9f5ad wp-block-group-is-layout-flex\" style=\"background-color:#253440;margin-top:0;margin-bottom:0;padding-top:var(--wp--preset--spacing--40);padding-right:var(--wp--preset--spacing--40);padding-bottom:var(--wp--preset--spacing--40);padding-left:var(--wp--preset--spacing--40)\">\n<h4 class=\"wp-block-heading\">D\u00e9veloppeuse Gameplay<\/h4>\n\n\n\n<div class=\"wp-block-buttons is-layout-flex wp-block-buttons-is-layout-flex\">\n<div class=\"wp-block-button has-custom-width wp-block-button__width-100 animated fadeInUp o-anim-custom-delay o-anim-value-delay-0.3s\"><a class=\"wp-block-button__link wp-element-button\" href=\"https:\/\/glozanov.dectim.ca\/phase_zero\/fiche-equipe-2\/\" style=\"border-top-left-radius:0px;border-top-right-radius:0px;border-bottom-left-radius:0px;border-bottom-right-radius:0px;padding-top:var(--wp--preset--spacing--30);padding-right:var(--wp--preset--spacing--40);padding-bottom:var(--wp--preset--spacing--30);padding-left:var(--wp--preset--spacing--40)\">+<\/a><\/div>\n<\/div>\n<\/div>\n<\/div>\n\n\n\n<div class=\"wp-block-column animated slideInLeft is-layout-flow wp-block-column-is-layout-flow\" style=\"flex-basis:425.33px\">\n<div class=\"wp-block-cover is-light\" style=\"padding-right:68px;min-height:325px;aspect-ratio:unset;\"><img loading=\"lazy\" decoding=\"async\" width=\"426\" height=\"325\" class=\"wp-block-cover__image-background wp-image-512 size-full\" alt=\"\" src=\"https:\/\/glozanov.dectim.ca\/phase_zero\/wp-content\/uploads\/2026\/03\/top-2.jpg\" data-object-fit=\"cover\" srcset=\"https:\/\/glozanov.dectim.ca\/phase_zero\/wp-content\/uploads\/2026\/03\/top-2.jpg 426w, https:\/\/glozanov.dectim.ca\/phase_zero\/wp-content\/uploads\/2026\/03\/top-2-300x229.jpg 300w\" sizes=\"auto, (max-width: 426px) 100vw, 426px\" \/><span aria-hidden=\"true\" class=\"wp-block-cover__background has-background-dim-0 has-background-dim\" style=\"background-color:#a8a2a1\"><\/span><div class=\"wp-block-cover__inner-container is-layout-constrained wp-container-core-cover-is-layout-7b6a11b5 wp-block-cover-is-layout-constrained\">\n<h2 class=\"wp-block-heading has-text-align-center animated fadeInLeft delay-200ms has-ast-global-color-2-color has-ast-global-color-4-background-color has-text-color has-background has-link-color has-large-font-size wp-elements-a0f687023659c1583d33d3449b224702\" style=\"margin-top:79%;margin-right:0%;margin-bottom:0;padding-top:5px;padding-right:8px;padding-bottom:5px;padding-left:8px\"><strong>Julie Caron<\/strong><\/h2>\n<\/div><\/div>\n\n\n\n<div class=\"wp-block-group has-background is-content-justification-space-between is-nowrap is-layout-flex wp-container-core-group-is-layout-fec9f5ad wp-block-group-is-layout-flex\" style=\"background-color:#253440;margin-top:0;margin-bottom:0;padding-top:var(--wp--preset--spacing--40);padding-right:var(--wp--preset--spacing--40);padding-bottom:var(--wp--preset--spacing--40);padding-left:var(--wp--preset--spacing--40)\">\n<h4 class=\"wp-block-heading\">Lead AQ<\/h4>\n\n\n\n<div class=\"wp-block-buttons is-layout-flex wp-block-buttons-is-layout-flex\">\n<div class=\"wp-block-button has-custom-width wp-block-button__width-100 animated fadeInUp delay-200ms\"><a class=\"wp-block-button__link wp-element-button\" href=\"https:\/\/glozanov.dectim.ca\/phase_zero\/fiche-portfolio-3\/\" style=\"border-top-left-radius:0px;border-top-right-radius:0px;border-bottom-left-radius:0px;border-bottom-right-radius:0px;padding-top:var(--wp--preset--spacing--30);padding-right:var(--wp--preset--spacing--40);padding-bottom:var(--wp--preset--spacing--30);padding-left:var(--wp--preset--spacing--40)\">+<\/a><\/div>\n<\/div>\n<\/div>\n<\/div>\n<\/div>\n\n\n\n<div class=\"wp-block-columns is-layout-flex wp-container-core-columns-is-layout-9cb6d8aa wp-block-columns-is-layout-flex\" style=\"margin-top:0;margin-bottom:0;padding-top:0rem;padding-right:0;padding-bottom:32px;padding-left:0\">\n<div class=\"wp-block-column animated slideInLeft delay-200ms is-layout-flow wp-block-column-is-layout-flow\" style=\"flex-basis:425.33px\">\n<div class=\"wp-block-cover is-light\" style=\"padding-right:81px;min-height:325px;aspect-ratio:unset;\"><img loading=\"lazy\" decoding=\"async\" width=\"426\" height=\"325\" class=\"wp-block-cover__image-background wp-image-513 size-full\" alt=\"\" src=\"https:\/\/glozanov.dectim.ca\/phase_zero\/wp-content\/uploads\/2026\/03\/top-3.jpg\" data-object-fit=\"cover\" srcset=\"https:\/\/glozanov.dectim.ca\/phase_zero\/wp-content\/uploads\/2026\/03\/top-3.jpg 426w, https:\/\/glozanov.dectim.ca\/phase_zero\/wp-content\/uploads\/2026\/03\/top-3-300x229.jpg 300w\" sizes=\"auto, (max-width: 426px) 100vw, 426px\" \/><span aria-hidden=\"true\" class=\"wp-block-cover__background has-background-dim-0 has-background-dim\" style=\"background-color:#91837d\"><\/span><div class=\"wp-block-cover__inner-container is-layout-constrained wp-container-core-cover-is-layout-8c59a296 wp-block-cover-is-layout-constrained\">\n<h2 class=\"wp-block-heading has-text-align-center animated fadeInLeft o-anim-custom-delay o-anim-value-delay-0.4s has-ast-global-color-2-color has-ast-global-color-4-background-color has-text-color has-background has-link-color has-large-font-size wp-elements-edcc0f48aba3da1c5ea560d817992a97\" style=\"margin-top:79%;margin-right:0%;margin-bottom:0;padding-top:5px;padding-right:8px;padding-bottom:5px;padding-left:8px\"><strong>Mei Chen<\/strong><\/h2>\n<\/div><\/div>\n\n\n\n<div class=\"wp-block-group has-background is-content-justification-space-between is-nowrap is-layout-flex wp-container-core-group-is-layout-fec9f5ad wp-block-group-is-layout-flex\" style=\"background-color:#253440;margin-top:0;margin-bottom:0;padding-top:var(--wp--preset--spacing--40);padding-right:var(--wp--preset--spacing--40);padding-bottom:var(--wp--preset--spacing--40);padding-left:var(--wp--preset--spacing--40)\">\n<h4 class=\"wp-block-heading\">Analyste AQ Fonctionnel<\/h4>\n\n\n\n<div class=\"wp-block-buttons is-layout-flex wp-block-buttons-is-layout-flex\">\n<div class=\"wp-block-button has-custom-width wp-block-button__width-100 animated fadeInUp o-anim-custom-delay o-anim-value-delay-0.4s\"><a class=\"wp-block-button__link wp-element-button\" href=\"https:\/\/glozanov.dectim.ca\/phase_zero\/fiche-equipe-4\/\" style=\"border-top-left-radius:0px;border-top-right-radius:0px;border-bottom-left-radius:0px;border-bottom-right-radius:0px;padding-top:var(--wp--preset--spacing--30);padding-right:var(--wp--preset--spacing--40);padding-bottom:var(--wp--preset--spacing--30);padding-left:var(--wp--preset--spacing--40)\">+<\/a><\/div>\n<\/div>\n<\/div>\n<\/div>\n\n\n\n<div class=\"wp-block-column animated slideInLeft delay-100ms is-layout-flow wp-block-column-is-layout-flow\" style=\"flex-basis:425.33px\">\n<div class=\"wp-block-cover\" style=\"padding-right:17px;min-height:325px;aspect-ratio:unset;\"><img loading=\"lazy\" decoding=\"async\" width=\"426\" height=\"325\" class=\"wp-block-cover__image-background wp-image-514 size-full\" alt=\"\" src=\"https:\/\/glozanov.dectim.ca\/phase_zero\/wp-content\/uploads\/2026\/03\/top-4.jpg\" data-object-fit=\"cover\" srcset=\"https:\/\/glozanov.dectim.ca\/phase_zero\/wp-content\/uploads\/2026\/03\/top-4.jpg 426w, https:\/\/glozanov.dectim.ca\/phase_zero\/wp-content\/uploads\/2026\/03\/top-4-300x229.jpg 300w\" sizes=\"auto, (max-width: 426px) 100vw, 426px\" \/><span aria-hidden=\"true\" class=\"wp-block-cover__background has-background-dim-0 has-background-dim\" style=\"background-color:#8a7b71\"><\/span><div class=\"wp-block-cover__inner-container is-layout-constrained wp-container-core-cover-is-layout-9aee2f3f wp-block-cover-is-layout-constrained\">\n<h2 class=\"wp-block-heading has-text-align-center animated fadeInLeft o-anim-custom-delay o-anim-value-delay-0.3s has-ast-global-color-2-color has-ast-global-color-4-background-color has-text-color has-background has-link-color has-large-font-size wp-elements-b3c2689d3c92400f784aa6a0296ec576\" style=\"margin-top:64%;margin-right:0%;margin-bottom:0;padding-top:5px;padding-right:8px;padding-bottom:5px;padding-left:8px\"><strong>Gabriel Dubois<\/strong><\/h2>\n<\/div><\/div>\n\n\n\n<div class=\"wp-block-group has-background is-content-justification-space-between is-nowrap is-layout-flex wp-container-core-group-is-layout-fec9f5ad wp-block-group-is-layout-flex\" style=\"background-color:#253440;margin-top:0;margin-bottom:0;padding-top:var(--wp--preset--spacing--40);padding-right:var(--wp--preset--spacing--40);padding-bottom:var(--wp--preset--spacing--40);padding-left:var(--wp--preset--spacing--40)\">\n<h4 class=\"wp-block-heading\">Ing\u00e9nieur AQ Automatisation<\/h4>\n\n\n\n<div class=\"wp-block-buttons is-layout-flex wp-block-buttons-is-layout-flex\">\n<div class=\"wp-block-button has-custom-width wp-block-button__width-100 animated fadeInUp o-anim-custom-delay o-anim-value-delay-0.3s\"><a class=\"wp-block-button__link wp-element-button\" href=\"https:\/\/glozanov.dectim.ca\/phase_zero\/fiche-equipe-5\/\" style=\"border-top-left-radius:0px;border-top-right-radius:0px;border-bottom-left-radius:0px;border-bottom-right-radius:0px;padding-top:var(--wp--preset--spacing--30);padding-right:var(--wp--preset--spacing--40);padding-bottom:var(--wp--preset--spacing--30);padding-left:var(--wp--preset--spacing--40)\">+<\/a><\/div>\n<\/div>\n<\/div>\n<\/div>\n\n\n\n<div class=\"wp-block-column animated slideInLeft is-layout-flow wp-block-column-is-layout-flow\" style=\"flex-basis:425.33px\">\n<div class=\"wp-block-cover is-light\" style=\"padding-right:81px;min-height:325px;aspect-ratio:unset;\"><img loading=\"lazy\" decoding=\"async\" width=\"426\" height=\"325\" class=\"wp-block-cover__image-background wp-image-515 size-full\" alt=\"\" src=\"https:\/\/glozanov.dectim.ca\/phase_zero\/wp-content\/uploads\/2026\/03\/top-5.jpg\" data-object-fit=\"cover\" srcset=\"https:\/\/glozanov.dectim.ca\/phase_zero\/wp-content\/uploads\/2026\/03\/top-5.jpg 426w, https:\/\/glozanov.dectim.ca\/phase_zero\/wp-content\/uploads\/2026\/03\/top-5-300x229.jpg 300w\" sizes=\"auto, (max-width: 426px) 100vw, 426px\" \/><span aria-hidden=\"true\" class=\"wp-block-cover__background has-background-dim-0 has-background-dim\" style=\"background-color:#8d7f77\"><\/span><div class=\"wp-block-cover__inner-container is-layout-constrained wp-container-core-cover-is-layout-8c59a296 wp-block-cover-is-layout-constrained\">\n<h2 class=\"wp-block-heading has-text-align-center animated fadeInLeft delay-200ms has-ast-global-color-2-color has-ast-global-color-4-background-color has-text-color has-background has-link-color has-large-font-size wp-elements-0e023aad08f66eab1f67fd4a66827ed7\" style=\"margin-top:79%;margin-right:0%;margin-bottom:0;padding-top:5px;padding-right:8px;padding-bottom:5px;padding-left:8px\"><strong>Sofia Rossi<\/strong><\/h2>\n<\/div><\/div>\n\n\n\n<div class=\"wp-block-group has-background is-content-justification-space-between is-nowrap is-layout-flex wp-container-core-group-is-layout-fec9f5ad wp-block-group-is-layout-flex\" style=\"background-color:#253440;margin-top:0;margin-bottom:0;padding-top:var(--wp--preset--spacing--40);padding-right:var(--wp--preset--spacing--40);padding-bottom:var(--wp--preset--spacing--40);padding-left:var(--wp--preset--spacing--40)\">\n<h4 class=\"wp-block-heading\">Coordinatrice Production &amp; Qualit\u00e9<\/h4>\n\n\n\n<div class=\"wp-block-buttons is-layout-flex wp-block-buttons-is-layout-flex\">\n<div class=\"wp-block-button has-custom-width wp-block-button__width-100 animated fadeInUp delay-200ms\"><a class=\"wp-block-button__link wp-element-button\" href=\"https:\/\/glozanov.dectim.ca\/phase_zero\/fiche-equipe-6\/\" style=\"border-top-left-radius:0px;border-top-right-radius:0px;border-bottom-left-radius:0px;border-bottom-right-radius:0px;padding-top:var(--wp--preset--spacing--30);padding-right:var(--wp--preset--spacing--40);padding-bottom:var(--wp--preset--spacing--30);padding-left:var(--wp--preset--spacing--40)\">+<\/a><\/div>\n<\/div>\n<\/div>\n<\/div>\n<\/div>\n\n\n\n<p><\/p>\n","protected":false},"excerpt":{"rendered":"<p>Lead Prototypage D\u00e9veloppeuse Gameplay Lead AQ Analyste AQ Fonctionnel Ing\u00e9nieur AQ Automatisation Coordinatrice Production &amp; Qualit\u00e9<\/p>\n","protected":false},"author":1,"featured_media":0,"parent":0,"menu_order":0,"comment_status":"closed","ping_status":"closed","template":"","meta":{"site-sidebar-layout":"default","site-content-layout":"","ast-site-content-layout":"default","site-content-style":"default","site-sidebar-style":"default","ast-global-header-display":"","ast-banner-title-visibility":"","ast-main-header-display":"","ast-hfb-above-header-display":"","ast-hfb-below-header-display":"","ast-hfb-mobile-header-display":"","site-post-title":"disabled","ast-breadcrumbs-content":"","ast-featured-img":"","footer-sml-layout":"","ast-disable-related-posts":"","theme-transparent-header-meta":"","adv-header-id-meta":"","stick-header-meta":"","header-above-stick-meta":"","header-main-stick-meta":"","header-below-stick-meta":"","astra-migrate-meta-layouts":"default","ast-page-background-enabled":"default","ast-page-background-meta":{"desktop":{"background-color":"var(--ast-global-color-5)","background-image":"","background-repeat":"repeat","background-position":"center center","background-size":"auto","background-attachment":"scroll","background-type":"","background-media":"","overlay-type":"","overlay-color":"","overlay-opacity":"","overlay-gradient":""},"tablet":{"background-color":"","background-image":"","background-repeat":"repeat","background-position":"center center","background-size":"auto","background-attachment":"scroll","background-type":"","background-media":"","overlay-type":"","overlay-color":"","overlay-opacity":"","overlay-gradient":""},"mobile":{"background-color":"","background-image":"","background-repeat":"repeat","background-position":"center center","background-size":"auto","background-attachment":"scroll","background-type":"","background-media":"","overlay-type":"","overlay-color":"","overlay-opacity":"","overlay-gradient":""}},"ast-content-background-meta":{"desktop":{"background-color":"var(--ast-global-color-4)","background-image":"","background-repeat":"repeat","background-position":"center center","background-size":"auto","background-attachment":"scroll","background-type":"","background-media":"","overlay-type":"","overlay-color":"","overlay-opacity":"","overlay-gradient":""},"tablet":{"background-color":"var(--ast-global-color-4)","background-image":"","background-repeat":"repeat","background-position":"center center","background-size":"auto","background-attachment":"scroll","background-type":"","background-media":"","overlay-type":"","overlay-color":"","overlay-opacity":"","overlay-gradient":""},"mobile":{"background-color":"var(--ast-global-color-4)","background-image":"","background-repeat":"repeat","background-position":"center center","background-size":"auto","background-attachment":"scroll","background-type":"","background-media":"","overlay-type":"","overlay-color":"","overlay-opacity":"","overlay-gradient":""}},"footnotes":""},"class_list":["post-16","page","type-page","status-publish","hentry"],"_links":{"self":[{"href":"https:\/\/glozanov.dectim.ca\/phase_zero\/wp-json\/wp\/v2\/pages\/16","targetHints":{"allow":["GET"]}}],"collection":[{"href":"https:\/\/glozanov.dectim.ca\/phase_zero\/wp-json\/wp\/v2\/pages"}],"about":[{"href":"https:\/\/glozanov.dectim.ca\/phase_zero\/wp-json\/wp\/v2\/types\/page"}],"author":[{"embeddable":true,"href":"https:\/\/glozanov.dectim.ca\/phase_zero\/wp-json\/wp\/v2\/users\/1"}],"replies":[{"embeddable":true,"href":"https:\/\/glozanov.dectim.ca\/phase_zero\/wp-json\/wp\/v2\/comments?post=16"}],"version-history":[{"count":49,"href":"https:\/\/glozanov.dectim.ca\/phase_zero\/wp-json\/wp\/v2\/pages\/16\/revisions"}],"predecessor-version":[{"id":1357,"href":"https:\/\/glozanov.dectim.ca\/phase_zero\/wp-json\/wp\/v2\/pages\/16\/revisions\/1357"}],"wp:attachment":[{"href":"https:\/\/glozanov.dectim.ca\/phase_zero\/wp-json\/wp\/v2\/media?parent=16"}],"curies":[{"name":"wp","href":"https:\/\/api.w.org\/{rel}","templated":true}]}}