{"id":12,"date":"2026-02-10T10:23:48","date_gmt":"2026-02-10T15:23:48","guid":{"rendered":"https:\/\/glozanov.dectim.ca\/phase_zero\/?page_id=12"},"modified":"2026-05-12T07:50:28","modified_gmt":"2026-05-12T11:50:28","slug":"a-propos","status":"publish","type":"page","link":"https:\/\/glozanov.dectim.ca\/phase_zero\/a-propos\/","title":{"rendered":"\u00c0 propos"},"content":{"rendered":"\n<div class=\"wp-block-cover alignfull is-light\" style=\"min-height:674px;aspect-ratio:unset;\"><img loading=\"lazy\" decoding=\"async\" width=\"816\" height=\"544\" class=\"wp-block-cover__image-background wp-image-891 size-full\" alt=\"\" src=\"https:\/\/glozanov.dectim.ca\/phase_zero\/wp-content\/uploads\/2026\/03\/hero_a-propos-2.jpg\" style=\"object-position:48% 0%\" data-object-fit=\"cover\" data-object-position=\"48% 0%\" srcset=\"https:\/\/glozanov.dectim.ca\/phase_zero\/wp-content\/uploads\/2026\/03\/hero_a-propos-2.jpg 816w, https:\/\/glozanov.dectim.ca\/phase_zero\/wp-content\/uploads\/2026\/03\/hero_a-propos-2-300x200.jpg 300w, https:\/\/glozanov.dectim.ca\/phase_zero\/wp-content\/uploads\/2026\/03\/hero_a-propos-2-768x512.jpg 768w\" sizes=\"auto, (max-width: 816px) 100vw, 816px\" \/><span aria-hidden=\"true\" class=\"wp-block-cover__background has-background-dim\" style=\"background-color:#8e817a\"><\/span><div class=\"wp-block-cover__inner-container is-layout-constrained wp-block-cover-is-layout-constrained\">\n<div class=\"wp-block-group is-content-justification-center is-layout-constrained wp-block-group-is-layout-constrained\" style=\"margin-top:0;margin-bottom:0\">\n<div class=\"wp-block-columns are-vertically-aligned-top is-layout-flex wp-container-core-columns-is-layout-2d2486d4 wp-block-columns-is-layout-flex\" style=\"margin-top:0vh;margin-bottom:0%\">\n<div class=\"wp-block-column is-vertically-aligned-top is-layout-flow wp-block-column-is-layout-flow\" style=\"padding-top:0;padding-right:0;padding-bottom:0;padding-left:0;flex-basis:600px\">\n<h1 class=\"wp-block-heading has-text-align-center animated backInDown delay-500ms has-ast-global-color-2-color has-ast-global-color-4-background-color has-text-color has-background has-link-color wp-elements-9275443578b78826565cf4c0c5e19e85\" style=\"padding-top:24px;padding-right:16px;padding-bottom:24px;padding-left:16px\">\u00c0 propos de nous<\/h1>\n<\/div>\n\n\n\n<div class=\"wp-block-column is-vertically-aligned-top is-layout-flow wp-block-column-is-layout-flow\" style=\"flex-basis:0%\"><\/div>\n<\/div>\n\n\n\n<div class=\"wp-block-columns is-layout-flex wp-container-core-columns-is-layout-9953db16 wp-block-columns-is-layout-flex\" style=\"margin-top:30%;margin-bottom:0%\">\n<div class=\"wp-block-column is-layout-flow wp-block-column-is-layout-flow\" style=\"flex-basis:50%\"><\/div>\n\n\n\n<div class=\"wp-block-column is-layout-flow wp-block-column-is-layout-flow\" style=\"flex-basis:50%\">\n<h4 class=\"wp-block-heading has-text-align-left animated backInUp delay-500ms has-ast-global-color-2-color has-ast-global-color-4-background-color has-text-color has-background has-link-color wp-elements-48fdc9354e9322f80ba27ed5ad8e4e79\">Entreprise d\u2019accompagnement <strong>technique <\/strong>centr\u00e9e sur le <strong>prototypage <\/strong>et l\u2019<strong>assurance qualit\u00e9<\/strong>. Elle soutient les studios \u00e0 chaque \u00e9tape, de la <strong>validation <\/strong>des id\u00e9es \u00e0 la <strong>stabilit\u00e9 <\/strong>des versions finales.<\/h4>\n<\/div>\n<\/div>\n<\/div>\n<\/div><\/div>\n\n\n\n<div class=\"wp-block-group alignfull animated zoomIn delay-100ms has-ast-global-color-5-background-color has-background is-layout-constrained wp-block-group-is-layout-constrained\">\n<div class=\"wp-block-group alignwide is-layout-grid wp-container-core-group-is-layout-ac90c59f wp-block-group-is-layout-grid\" style=\"min-height:0px\">\n<div class=\"wp-block-group wp-container-content-0bcc043d is-layout-constrained wp-container-core-group-is-layout-e7a8db7c wp-block-group-is-layout-constrained\" style=\"margin-top:0;margin-bottom:0\">\n<h3 class=\"wp-block-heading animated slideInDown delay-100ms\"><strong>Notre mission<\/strong><\/h3>\n\n\n\n<p class=\"animated fadeInLeft delay-100ms has-medium-font-size\">Permettre aux \u00e9quipes de d\u00e9veloppement de <strong>r\u00e9duire l\u2019incertitude<\/strong> technique et d\u2019atteindre un niveau de <strong>qualit\u00e9 immesurable<\/strong>, en acc\u00e9l\u00e9rant la <strong>validation <\/strong>des id\u00e9es et en garantissant la fiabilit\u00e9 des versions livr\u00e9es. Notre mission consiste \u00e0 transformer des intentions <strong>cr\u00e9atives <\/strong>en impl\u00e9mentations test\u00e9es, <strong>robustes <\/strong>et pr\u00eates pour la production.<\/p>\n<\/div>\n\n\n\n<div class=\"wp-block-group wp-container-content-5e3c4591 is-layout-constrained wp-block-group-is-layout-constrained\">\n<figure class=\"wp-block-image size-full animated fadeInRight\"><img loading=\"lazy\" decoding=\"async\" width=\"2186\" height=\"1457\" src=\"https:\/\/glozanov.dectim.ca\/phase_zero\/wp-content\/uploads\/2026\/02\/notre_mission.jpg\" alt=\"\" class=\"wp-image-366\" srcset=\"https:\/\/glozanov.dectim.ca\/phase_zero\/wp-content\/uploads\/2026\/02\/notre_mission.jpg 2186w, https:\/\/glozanov.dectim.ca\/phase_zero\/wp-content\/uploads\/2026\/02\/notre_mission-300x200.jpg 300w, https:\/\/glozanov.dectim.ca\/phase_zero\/wp-content\/uploads\/2026\/02\/notre_mission-1024x683.jpg 1024w, https:\/\/glozanov.dectim.ca\/phase_zero\/wp-content\/uploads\/2026\/02\/notre_mission-768x512.jpg 768w, https:\/\/glozanov.dectim.ca\/phase_zero\/wp-content\/uploads\/2026\/02\/notre_mission-1536x1024.jpg 1536w, https:\/\/glozanov.dectim.ca\/phase_zero\/wp-content\/uploads\/2026\/02\/notre_mission-2048x1365.jpg 2048w\" sizes=\"auto, (max-width: 2186px) 100vw, 2186px\" \/><\/figure>\n<\/div>\n<\/div>\n<\/div>\n\n\n\n<div class=\"wp-block-group alignfull animated zoomIn delay-100ms is-layout-constrained wp-block-group-is-layout-constrained\">\n<div class=\"wp-block-group alignwide is-layout-grid wp-container-core-group-is-layout-6607b13c wp-block-group-is-layout-grid\">\n<div class=\"wp-block-group wp-container-content-3fcaf5eb is-layout-constrained wp-block-group-is-layout-constrained\">\n<figure class=\"wp-block-image size-full animated fadeInLeft\"><img loading=\"lazy\" decoding=\"async\" width=\"1536\" height=\"1024\" src=\"https:\/\/glozanov.dectim.ca\/phase_zero\/wp-content\/uploads\/2026\/03\/ChatGPT-Image-Mar-23-2026-02_21_51-PM.png\" alt=\"\" class=\"wp-image-616\" srcset=\"https:\/\/glozanov.dectim.ca\/phase_zero\/wp-content\/uploads\/2026\/03\/ChatGPT-Image-Mar-23-2026-02_21_51-PM.png 1536w, https:\/\/glozanov.dectim.ca\/phase_zero\/wp-content\/uploads\/2026\/03\/ChatGPT-Image-Mar-23-2026-02_21_51-PM-300x200.png 300w, https:\/\/glozanov.dectim.ca\/phase_zero\/wp-content\/uploads\/2026\/03\/ChatGPT-Image-Mar-23-2026-02_21_51-PM-1024x683.png 1024w, https:\/\/glozanov.dectim.ca\/phase_zero\/wp-content\/uploads\/2026\/03\/ChatGPT-Image-Mar-23-2026-02_21_51-PM-768x512.png 768w\" sizes=\"auto, (max-width: 1536px) 100vw, 1536px\" \/><\/figure>\n<\/div>\n\n\n\n<div class=\"wp-block-group wp-container-content-0bcc043d is-layout-constrained wp-block-group-is-layout-constrained\">\n<h3 class=\"wp-block-heading animated slideInDown delay-100ms\"><strong>Nous nous adressons \u00e0 &#8230;<\/strong><\/h3>\n\n\n\n<ul class=\"wp-block-list\">\n<li class=\"animated fadeInRight delay-100ms has-medium-font-size\"><strong>Studios de toutes tailles<\/strong> demandant un soutien sp\u00e9cialis\u00e9.\u2028<\/li>\n<\/ul>\n\n\n\n<ul class=\"wp-block-list\">\n<li class=\"animated fadeInRight delay-200ms has-medium-font-size\"><strong>\u00c9quipes en phase d\u2019id\u00e9ation<\/strong> souhaitant valider rapidement la faisabilit\u00e9 de m\u00e9caniques ou de syst\u00e8mes.\u2028<\/li>\n<\/ul>\n\n\n\n<ul class=\"wp-block-list\">\n<li class=\"animated fadeInRight o-anim-custom-delay undefined o-anim-value-delay-0.3s has-medium-font-size\"><strong>Projets en pr\u00e9-lancement<\/strong> exigeant une couverture AQ m\u00e9thodique et document\u00e9e.<\/li>\n<\/ul>\n<\/div>\n<\/div>\n<\/div>\n\n\n\n<div class=\"wp-block-group alignfull animated zoomIn delay-100ms has-ast-global-color-5-background-color has-background is-layout-constrained wp-block-group-is-layout-constrained\">\n<div class=\"wp-block-group alignwide is-layout-grid wp-container-core-group-is-layout-6607b13c wp-block-group-is-layout-grid\">\n<div class=\"wp-block-group wp-container-content-0bcc043d is-layout-constrained wp-block-group-is-layout-constrained\">\n<h3 class=\"wp-block-heading animated slideInDown delay-100ms\"><strong>Nous valorisons<\/strong><\/h3>\n\n\n\n<ul class=\"wp-block-list\">\n<li class=\"animated fadeInLeft delay-100ms has-medium-font-size\"><strong>Rigueur <\/strong>: proc\u00e9dures claires, tra\u00e7abilit\u00e9 des tests, documentation exploitable.\u2028<\/li>\n<\/ul>\n\n\n\n<ul class=\"wp-block-list\">\n<li class=\"animated fadeInLeft delay-200ms has-medium-font-size\"><strong>Pragmatisme <\/strong>: d\u00e9cisions guid\u00e9es par l\u2019impact sur le produit et les d\u00e9lais.\u2028<\/li>\n<\/ul>\n\n\n\n<ul class=\"wp-block-list\">\n<li class=\"animated fadeInLeft o-anim-custom-delay o-anim-value-delay-0.3s has-medium-font-size\"><strong>Transparence <\/strong>: communication factuelle des risques, limites et r\u00e9sultats.<\/li>\n<\/ul>\n\n\n\n<ul class=\"wp-block-list\">\n<li class=\"animated fadeInLeft o-anim-custom-delay o-anim-value-delay-0.4s has-medium-font-size\"><strong>Collaboration <\/strong>: int\u00e9gration fluide aux pipelines et outils des studios partenaires.<\/li>\n<\/ul>\n<\/div>\n\n\n\n<div class=\"wp-block-group wp-container-content-5e3c4591 is-layout-constrained wp-block-group-is-layout-constrained\">\n<figure class=\"wp-block-image size-full animated fadeInRight\"><img loading=\"lazy\" decoding=\"async\" width=\"1536\" height=\"1024\" src=\"https:\/\/glozanov.dectim.ca\/phase_zero\/wp-content\/uploads\/2026\/03\/ChatGPT-Image-Mar-23-2026-01_49_03-PM.png\" alt=\"\" class=\"wp-image-612\" srcset=\"https:\/\/glozanov.dectim.ca\/phase_zero\/wp-content\/uploads\/2026\/03\/ChatGPT-Image-Mar-23-2026-01_49_03-PM.png 1536w, https:\/\/glozanov.dectim.ca\/phase_zero\/wp-content\/uploads\/2026\/03\/ChatGPT-Image-Mar-23-2026-01_49_03-PM-300x200.png 300w, https:\/\/glozanov.dectim.ca\/phase_zero\/wp-content\/uploads\/2026\/03\/ChatGPT-Image-Mar-23-2026-01_49_03-PM-1024x683.png 1024w, https:\/\/glozanov.dectim.ca\/phase_zero\/wp-content\/uploads\/2026\/03\/ChatGPT-Image-Mar-23-2026-01_49_03-PM-768x512.png 768w\" sizes=\"auto, (max-width: 1536px) 100vw, 1536px\" \/><\/figure>\n<\/div>\n<\/div>\n<\/div>\n\n\n\n<div class=\"wp-block-group alignfull animated zoomIn delay-100ms is-layout-constrained wp-block-group-is-layout-constrained\">\n<div class=\"wp-block-group alignwide is-layout-grid wp-container-core-group-is-layout-6607b13c wp-block-group-is-layout-grid\">\n<div class=\"wp-block-group wp-container-content-5e3c4591 is-layout-constrained wp-block-group-is-layout-constrained\">\n<figure class=\"wp-block-image size-full animated fadeInLeft\"><img loading=\"lazy\" decoding=\"async\" width=\"1536\" height=\"1024\" src=\"https:\/\/glozanov.dectim.ca\/phase_zero\/wp-content\/uploads\/2026\/03\/ChatGPT-Image-Mar-23-2026-02_36_29-PM.png\" alt=\"\" class=\"wp-image-632\" srcset=\"https:\/\/glozanov.dectim.ca\/phase_zero\/wp-content\/uploads\/2026\/03\/ChatGPT-Image-Mar-23-2026-02_36_29-PM.png 1536w, https:\/\/glozanov.dectim.ca\/phase_zero\/wp-content\/uploads\/2026\/03\/ChatGPT-Image-Mar-23-2026-02_36_29-PM-300x200.png 300w, https:\/\/glozanov.dectim.ca\/phase_zero\/wp-content\/uploads\/2026\/03\/ChatGPT-Image-Mar-23-2026-02_36_29-PM-1024x683.png 1024w, https:\/\/glozanov.dectim.ca\/phase_zero\/wp-content\/uploads\/2026\/03\/ChatGPT-Image-Mar-23-2026-02_36_29-PM-768x512.png 768w\" sizes=\"auto, (max-width: 1536px) 100vw, 1536px\" \/><\/figure>\n<\/div>\n\n\n\n<div class=\"wp-block-group wp-container-content-0bcc043d is-layout-constrained wp-block-group-is-layout-constrained\">\n<h3 class=\"wp-block-heading animated slideInDown delay-100ms\"><strong>Notre histoire<\/strong><\/h3>\n\n\n\n<p class=\"animated fadeInRight delay-100ms has-medium-font-size\">Fond\u00e9e par d\u2019anciens ing\u00e9nieurs AQ et designers techniques issus de projets multiplateformes, <strong>Phase Z\u00e9ro<\/strong> est n\u00e9e d\u2019un constat r\u00e9current : trop de projets \u00e9chouent \u00e0 cause d\u2019incertitudes non trait\u00e9es en amont et de validations tardives. L\u2019entreprise s\u2019est d\u2019abord concentr\u00e9e sur des missions de prototypage pour des studios ind\u00e9pendants, avant d\u2019\u00e9largir ses services \u00e0 l\u2019assurance qualit\u00e9 structur\u00e9e. Aujourd\u2019hui, Phase Z\u00e9ro op\u00e8re comme un partenaire externe de <strong>confiance<\/strong>, intervenant \u00e0 des moments cl\u00e9s du cycle de d\u00e9veloppement.<\/p>\n<\/div>\n<\/div>\n<\/div>\n","protected":false},"excerpt":{"rendered":"<p>Notre mission Permettre aux \u00e9quipes de d\u00e9veloppement de r\u00e9duire l\u2019incertitude technique et d\u2019atteindre un niveau de qualit\u00e9 immesurable, en acc\u00e9l\u00e9rant [&hellip;]<\/p>\n","protected":false},"author":1,"featured_media":0,"parent":0,"menu_order":0,"comment_status":"closed","ping_status":"closed","template":"","meta":{"site-sidebar-layout":"default","site-content-layout":"","ast-site-content-layout":"default","site-content-style":"default","site-sidebar-style":"default","ast-global-header-display":"","ast-banner-title-visibility":"","ast-main-header-display":"","ast-hfb-above-header-display":"","ast-hfb-below-header-display":"","ast-hfb-mobile-header-display":"","site-post-title":"disabled","ast-breadcrumbs-content":"","ast-featured-img":"","footer-sml-layout":"","ast-disable-related-posts":"","theme-transparent-header-meta":"","adv-header-id-meta":"","stick-header-meta":"","header-above-stick-meta":"","header-main-stick-meta":"","header-below-stick-meta":"","astra-migrate-meta-layouts":"default","ast-page-background-enabled":"default","ast-page-background-meta":{"desktop":{"background-color":"var(--ast-global-color-5)","background-image":"","background-repeat":"repeat","background-position":"center center","background-size":"auto","background-attachment":"scroll","background-type":"","background-media":"","overlay-type":"","overlay-color":"","overlay-opacity":"","overlay-gradient":""},"tablet":{"background-color":"","background-image":"","background-repeat":"repeat","background-position":"center center","background-size":"auto","background-attachment":"scroll","background-type":"","background-media":"","overlay-type":"","overlay-color":"","overlay-opacity":"","overlay-gradient":""},"mobile":{"background-color":"","background-image":"","background-repeat":"repeat","background-position":"center center","background-size":"auto","background-attachment":"scroll","background-type":"","background-media":"","overlay-type":"","overlay-color":"","overlay-opacity":"","overlay-gradient":""}},"ast-content-background-meta":{"desktop":{"background-color":"var(--ast-global-color-4)","background-image":"","background-repeat":"repeat","background-position":"center center","background-size":"auto","background-attachment":"scroll","background-type":"","background-media":"","overlay-type":"","overlay-color":"","overlay-opacity":"","overlay-gradient":""},"tablet":{"background-color":"var(--ast-global-color-4)","background-image":"","background-repeat":"repeat","background-position":"center center","background-size":"auto","background-attachment":"scroll","background-type":"","background-media":"","overlay-type":"","overlay-color":"","overlay-opacity":"","overlay-gradient":""},"mobile":{"background-color":"var(--ast-global-color-4)","background-image":"","background-repeat":"repeat","background-position":"center center","background-size":"auto","background-attachment":"scroll","background-type":"","background-media":"","overlay-type":"","overlay-color":"","overlay-opacity":"","overlay-gradient":""}},"footnotes":""},"class_list":["post-12","page","type-page","status-publish","hentry"],"_links":{"self":[{"href":"https:\/\/glozanov.dectim.ca\/phase_zero\/wp-json\/wp\/v2\/pages\/12","targetHints":{"allow":["GET"]}}],"collection":[{"href":"https:\/\/glozanov.dectim.ca\/phase_zero\/wp-json\/wp\/v2\/pages"}],"about":[{"href":"https:\/\/glozanov.dectim.ca\/phase_zero\/wp-json\/wp\/v2\/types\/page"}],"author":[{"embeddable":true,"href":"https:\/\/glozanov.dectim.ca\/phase_zero\/wp-json\/wp\/v2\/users\/1"}],"replies":[{"embeddable":true,"href":"https:\/\/glozanov.dectim.ca\/phase_zero\/wp-json\/wp\/v2\/comments?post=12"}],"version-history":[{"count":125,"href":"https:\/\/glozanov.dectim.ca\/phase_zero\/wp-json\/wp\/v2\/pages\/12\/revisions"}],"predecessor-version":[{"id":1359,"href":"https:\/\/glozanov.dectim.ca\/phase_zero\/wp-json\/wp\/v2\/pages\/12\/revisions\/1359"}],"wp:attachment":[{"href":"https:\/\/glozanov.dectim.ca\/phase_zero\/wp-json\/wp\/v2\/media?parent=12"}],"curies":[{"name":"wp","href":"https:\/\/api.w.org\/{rel}","templated":true}]}}