{"id":1182,"date":"2026-04-20T16:17:49","date_gmt":"2026-04-20T20:17:49","guid":{"rendered":"https:\/\/glozanov.dectim.ca\/phase_zero\/?page_id=1182"},"modified":"2026-05-11T14:16:10","modified_gmt":"2026-05-11T18:16:10","slug":"service-prototypage","status":"publish","type":"page","link":"https:\/\/glozanov.dectim.ca\/phase_zero\/service-prototypage\/","title":{"rendered":"Service &#8211; Prototypage"},"content":{"rendered":"\n<div class=\"wp-block-cover alignfull is-light\" style=\"min-height:674px;aspect-ratio:unset;\"><img loading=\"lazy\" decoding=\"async\" width=\"1536\" height=\"1024\" class=\"wp-block-cover__image-background wp-image-1230 size-full\" alt=\"\" src=\"https:\/\/glozanov.dectim.ca\/phase_zero\/wp-content\/uploads\/2026\/04\/ChatGPT-Image-Apr-20-2026-04_33_22-PM.png\" style=\"object-position:58% 58%\" data-object-fit=\"cover\" data-object-position=\"58% 58%\" srcset=\"https:\/\/glozanov.dectim.ca\/phase_zero\/wp-content\/uploads\/2026\/04\/ChatGPT-Image-Apr-20-2026-04_33_22-PM.png 1536w, https:\/\/glozanov.dectim.ca\/phase_zero\/wp-content\/uploads\/2026\/04\/ChatGPT-Image-Apr-20-2026-04_33_22-PM-300x200.png 300w, https:\/\/glozanov.dectim.ca\/phase_zero\/wp-content\/uploads\/2026\/04\/ChatGPT-Image-Apr-20-2026-04_33_22-PM-1024x683.png 1024w, https:\/\/glozanov.dectim.ca\/phase_zero\/wp-content\/uploads\/2026\/04\/ChatGPT-Image-Apr-20-2026-04_33_22-PM-768x512.png 768w\" sizes=\"auto, (max-width: 1536px) 100vw, 1536px\" \/><span aria-hidden=\"true\" class=\"wp-block-cover__background has-background-dim\" style=\"background-color:#9598b2\"><\/span><div class=\"wp-block-cover__inner-container is-layout-constrained wp-block-cover-is-layout-constrained\">\n<div class=\"wp-block-group is-content-justification-center is-layout-constrained wp-block-group-is-layout-constrained\" style=\"margin-top:0;margin-bottom:0\">\n<div class=\"wp-block-columns are-vertically-aligned-top is-layout-flex wp-container-core-columns-is-layout-2d2486d4 wp-block-columns-is-layout-flex\" style=\"margin-top:0vh;margin-bottom:0%\">\n<div class=\"wp-block-column is-vertically-aligned-top is-layout-flow wp-block-column-is-layout-flow\" style=\"padding-top:0;padding-right:0;padding-bottom:0;padding-left:0;flex-basis:677px\">\n<h1 class=\"wp-block-heading has-text-align-center animated backInDown delay-500ms has-ast-global-color-2-color has-ast-global-color-4-background-color has-text-color has-background has-link-color wp-elements-641a99919d82e0ed5201b08e6ccbcfb4\" style=\"padding-top:24px;padding-right:16px;padding-bottom:24px;padding-left:16px\">Prototypage<\/h1>\n<\/div>\n\n\n\n<div class=\"wp-block-column is-vertically-aligned-top is-layout-flow wp-block-column-is-layout-flow\" style=\"flex-basis:0%\"><\/div>\n<\/div>\n\n\n\n<div class=\"wp-block-columns is-layout-flex wp-container-core-columns-is-layout-9953db16 wp-block-columns-is-layout-flex\" style=\"margin-top:30%;margin-bottom:0%\">\n<div class=\"wp-block-column is-layout-flow wp-block-column-is-layout-flow\" style=\"flex-basis:50%\"><\/div>\n\n\n\n<div class=\"wp-block-column is-layout-flow wp-block-column-is-layout-flow\" style=\"flex-basis:50%\">\n<h4 class=\"wp-block-heading has-text-align-left animated backInUp delay-500ms has-ast-global-color-2-color has-ast-global-color-4-background-color has-text-color has-background has-link-color wp-elements-c87c6baa3f01a8f1838342b1beea26ac\">Conception de proofs of concept <strong>fonctionnels<\/strong> pour <strong>valider m\u00e9caniques<\/strong>, architecture et performance avant la production \u00e0 <strong>grande \u00e9chelle<\/strong>.<\/h4>\n<\/div>\n<\/div>\n<\/div>\n<\/div><\/div>\n\n\n\n<div class=\"wp-block-group alignfull animated zoomIn is-layout-constrained wp-block-group-is-layout-constrained\">\n<div class=\"wp-block-group alignwide animated slideInLeft is-nowrap is-layout-flex wp-container-core-group-is-layout-653562d7 wp-block-group-is-layout-flex\">\n<div class=\"wp-block-group wp-container-content-5f80b302 is-layout-constrained wp-block-group-is-layout-constrained\">\n<figure class=\"wp-block-image size-full is-resized animated fadeInLeft\"><img loading=\"lazy\" decoding=\"async\" width=\"1536\" height=\"1024\" src=\"https:\/\/glozanov.dectim.ca\/phase_zero\/wp-content\/uploads\/2026\/04\/ChatGPT-Image-Apr-20-2026-04_37_36-PM.png\" alt=\"\" class=\"wp-image-1239\" style=\"object-fit:cover;width:600px;height:400px\" srcset=\"https:\/\/glozanov.dectim.ca\/phase_zero\/wp-content\/uploads\/2026\/04\/ChatGPT-Image-Apr-20-2026-04_37_36-PM.png 1536w, https:\/\/glozanov.dectim.ca\/phase_zero\/wp-content\/uploads\/2026\/04\/ChatGPT-Image-Apr-20-2026-04_37_36-PM-300x200.png 300w, https:\/\/glozanov.dectim.ca\/phase_zero\/wp-content\/uploads\/2026\/04\/ChatGPT-Image-Apr-20-2026-04_37_36-PM-1024x683.png 1024w, https:\/\/glozanov.dectim.ca\/phase_zero\/wp-content\/uploads\/2026\/04\/ChatGPT-Image-Apr-20-2026-04_37_36-PM-768x512.png 768w\" sizes=\"auto, (max-width: 1536px) 100vw, 1536px\" \/><\/figure>\n<\/div>\n\n\n\n<div class=\"wp-block-group wp-container-content-dc816804 is-layout-constrained wp-block-group-is-layout-constrained\">\n<h3 class=\"wp-block-heading animated slideInDown delay-100ms\"><strong>Ce service est pour&#8230;<\/strong><\/h3>\n\n\n\n<p class=\"animated fadeInRight delay-200ms has-medium-font-size\">Studios en phase d\u2019id\u00e9ation ou de pr\u00e9production n\u00e9cessitant validation rapide, r\u00e9duction des risques et orientation technique.<\/p>\n<\/div>\n<\/div>\n<\/div>\n\n\n\n<div class=\"wp-block-group alignfull animated zoomIn has-ast-global-color-5-background-color has-background is-layout-constrained wp-container-core-group-is-layout-7db9d80f wp-block-group-is-layout-constrained\" style=\"padding-right:0;padding-left:0\">\n<div class=\"wp-block-group alignwide is-horizontal is-content-justification-left is-layout-flex wp-container-core-group-is-layout-170aed32 wp-block-group-is-layout-flex\" style=\"padding-right:0;padding-left:0\">\n<div class=\"wp-block-group animated slideInLeft has-ast-global-color-4-background-color has-background wp-container-content-9cfa9a5a is-content-justification-left is-layout-constrained wp-container-core-group-is-layout-427dcf14 wp-block-group-is-layout-constrained\" style=\"margin-top:0px;margin-bottom:0px;padding-top:32px;padding-right:32px;padding-bottom:32px;padding-left:32px\">\n<h2 class=\"wp-block-heading animated slideInDown delay-100ms\"><strong>Notre m\u00e9thodologie<\/strong><\/h2>\n\n\n\n<ol class=\"wp-block-list\">\n<li class=\"animated fadeInLeft delay-100ms has-medium-font-size\">Cadrage des objectifs et crit\u00e8res de succ\u00e8s.<\/li>\n\n\n\n<li class=\"animated fadeInLeft delay-200ms has-medium-font-size\">Analyse des contraintes techniques.<\/li>\n\n\n\n<li class=\"animated fadeInLeft o-anim-custom-delay undefined o-anim-value-delay-0.3s has-medium-font-size\">Conception de l\u2019architecture minimale viable.<\/li>\n\n\n\n<li class=\"animated fadeInLeft o-anim-custom-delay undefined o-anim-value-delay-0.4s has-medium-font-size\">Impl\u00e9mentation des m\u00e9caniques cl\u00e9s.<\/li>\n\n\n\n<li class=\"animated fadeInLeft o-anim-custom-delay undefined o-anim-value-delay-0.5s has-medium-font-size\">Instrumentation et m\u00e9triques.<\/li>\n\n\n\n<li class=\"animated fadeInLeft o-anim-custom-delay undefined o-anim-value-delay-0.6s has-medium-font-size\">Tests internes cibl\u00e9s.<\/li>\n\n\n\n<li class=\"animated fadeInLeft o-anim-custom-delay undefined o-anim-value-delay-0.7s has-medium-font-size\">Optimisations de base.<\/li>\n\n\n\n<li class=\"animated fadeInLeft o-anim-custom-delay undefined o-anim-value-delay-0.8s has-medium-font-size\">Documentation technique et limites connues.<\/li>\n\n\n\n<li class=\"animated fadeInLeft o-anim-custom-delay undefined o-anim-value-delay-0.9s has-medium-font-size\">Revue conjointe avec l\u2019\u00e9quipe cliente.<\/li>\n\n\n\n<li class=\"animated fadeInLeft o-anim-custom-delay undefined o-anim-value-delay-0.9s has-medium-font-size\">Recommandations pour la production.<\/li>\n<\/ol>\n<\/div>\n\n\n\n<div class=\"wp-block-group animated slideInRight has-ast-global-color-4-background-color has-background wp-container-content-9cfa9a5a is-content-justification-left is-layout-constrained wp-container-core-group-is-layout-427dcf14 wp-block-group-is-layout-constrained\" style=\"margin-top:0px;margin-bottom:0px;padding-top:32px;padding-right:32px;padding-bottom:32px;padding-left:32px\">\n<h2 class=\"wp-block-heading animated slideInDown delay-100ms\"><strong>Tendances du domaine<\/strong><\/h2>\n\n\n\n<ul class=\"wp-block-list\">\n<li class=\"animated fadeInRight delay-100ms has-medium-font-size\">Prototypage data-driven avec instrumentation int\u00e9gr\u00e9e.<\/li>\n\n\n\n<li class=\"animated fadeInRight delay-200ms has-medium-font-size\">Utilisation accrue de Blueprints\/scripting visuel pour it\u00e9rations rapides.<\/li>\n\n\n\n<li class=\"animated fadeInRight o-anim-custom-delay undefined o-anim-value-delay-0.3s has-medium-font-size\">Validation pr\u00e9coce de la performance sur mat\u00e9riel cible.<\/li>\n<\/ul>\n<\/div>\n<\/div>\n<\/div>\n\n\n\n<div class=\"wp-block-group alignfull animated zoomIn is-layout-constrained wp-block-group-is-layout-constrained\">\n<div class=\"wp-block-group alignwide is-nowrap is-layout-flex wp-container-core-group-is-layout-bf080f4f wp-block-group-is-layout-flex\" style=\"padding-right:0;padding-left:0\">\n<div class=\"wp-block-group wp-container-content-603edb32 is-layout-constrained wp-block-group-is-layout-constrained\">\n<h3 class=\"wp-block-heading animated slideInDown delay-100ms\"><strong><strong>Types de produits g\u00e9n\u00e9r\u00e9s<\/strong><\/strong><\/h3>\n\n\n\n<ul class=\"wp-block-list\">\n<li class=\"animated fadeInLeft delay-100ms has-ast-global-color-3-color has-text-color has-link-color has-medium-font-size wp-elements-0589f854e075a02240aad7b51a1a5da8\">&nbsp;Prototypes jouables, d\u00e9monstrations techniques, rapports de faisabilit\u00e9, m\u00e9triques de performance.<\/li>\n<\/ul>\n<\/div>\n\n\n\n<div class=\"wp-block-group wp-container-content-492a994e is-layout-constrained wp-block-group-is-layout-constrained\">\n<figure class=\"wp-block-image size-full is-resized animated fadeInRight\"><img loading=\"lazy\" decoding=\"async\" width=\"1225\" height=\"688\" src=\"https:\/\/glozanov.dectim.ca\/phase_zero\/wp-content\/uploads\/2026\/04\/ChatGPT-Image-Apr-20-2026-04_40_47-PM-edited-1.png\" alt=\"\" class=\"wp-image-1278\" style=\"object-fit:cover;width:1000px;height:200px\" srcset=\"https:\/\/glozanov.dectim.ca\/phase_zero\/wp-content\/uploads\/2026\/04\/ChatGPT-Image-Apr-20-2026-04_40_47-PM-edited-1.png 1225w, https:\/\/glozanov.dectim.ca\/phase_zero\/wp-content\/uploads\/2026\/04\/ChatGPT-Image-Apr-20-2026-04_40_47-PM-edited-1-300x168.png 300w, https:\/\/glozanov.dectim.ca\/phase_zero\/wp-content\/uploads\/2026\/04\/ChatGPT-Image-Apr-20-2026-04_40_47-PM-edited-1-1024x575.png 1024w, https:\/\/glozanov.dectim.ca\/phase_zero\/wp-content\/uploads\/2026\/04\/ChatGPT-Image-Apr-20-2026-04_40_47-PM-edited-1-768x431.png 768w\" sizes=\"auto, (max-width: 1225px) 100vw, 1225px\" \/><\/figure>\n<\/div>\n<\/div>\n<\/div>\n\n\n\n<div class=\"wp-block-group alignfull animated zoomIn has-ast-global-color-5-background-color has-background is-layout-constrained wp-block-group-is-layout-constrained\">\n<div class=\"wp-block-columns alignwide is-layout-flex wp-container-core-columns-is-layout-15a5cba5 wp-block-columns-is-layout-flex\" style=\"padding-right:0px;padding-left:0px\">\n<div class=\"wp-block-column is-layout-flow wp-block-column-is-layout-flow\" style=\"flex-basis:100%\">\n<figure class=\"wp-block-image size-large animated fadeInLeft\"><img loading=\"lazy\" decoding=\"async\" width=\"1024\" height=\"683\" src=\"https:\/\/glozanov.dectim.ca\/phase_zero\/wp-content\/uploads\/2026\/04\/ChatGPT-Image-Apr-20-2026-05_03_29-PM-1024x683.png\" alt=\"\" class=\"wp-image-1275\" srcset=\"https:\/\/glozanov.dectim.ca\/phase_zero\/wp-content\/uploads\/2026\/04\/ChatGPT-Image-Apr-20-2026-05_03_29-PM-1024x683.png 1024w, https:\/\/glozanov.dectim.ca\/phase_zero\/wp-content\/uploads\/2026\/04\/ChatGPT-Image-Apr-20-2026-05_03_29-PM-300x200.png 300w, https:\/\/glozanov.dectim.ca\/phase_zero\/wp-content\/uploads\/2026\/04\/ChatGPT-Image-Apr-20-2026-05_03_29-PM-768x512.png 768w, https:\/\/glozanov.dectim.ca\/phase_zero\/wp-content\/uploads\/2026\/04\/ChatGPT-Image-Apr-20-2026-05_03_29-PM.png 1536w\" sizes=\"auto, (max-width: 1024px) 100vw, 1024px\" \/><\/figure>\n<\/div>\n\n\n\n<div class=\"wp-block-column is-vertically-aligned-center is-layout-flow wp-container-core-column-is-layout-8a368f38 wp-block-column-is-layout-flow\" style=\"flex-basis:100%\">\n<div class=\"wp-block-group has-ast-global-color-4-background-color has-background is-content-justification-left is-layout-constrained wp-container-core-group-is-layout-a03373f3 wp-block-group-is-layout-constrained\" style=\"margin-top:0px;margin-bottom:0px;padding-top:32px;padding-right:32px;padding-bottom:32px;padding-left:32px\">\n<h2 class=\"wp-block-heading animated slideInDown delay-100ms\"><strong><strong>Exemples de projets<\/strong><\/strong><\/h2>\n\n\n\n<ul class=\"wp-block-list\">\n<li class=\"has-medium-font-size\">Syst\u00e8me de progression modulaire testant trois mod\u00e8les d\u2019\u00e9conomie.<\/li>\n\n\n\n<li class=\"has-medium-font-size\">Boucle de combat avec IA basique et t\u00e9l\u00e9m\u00e9trie.<\/li>\n<\/ul>\n<\/div>\n<\/div>\n<\/div>\n<\/div>\n\n\n\n<div class=\"wp-block-group alignfull animated zoomIn has-ast-global-color-5-background-color has-background is-layout-constrained wp-block-group-is-layout-constrained\">\n<div class=\"wp-block-columns alignwide is-layout-flex wp-container-core-columns-is-layout-15a5cba5 wp-block-columns-is-layout-flex\" style=\"padding-right:0px;padding-left:0px\">\n<div class=\"wp-block-column is-layout-flow wp-block-column-is-layout-flow\" style=\"flex-basis:100%\">\n<figure class=\"wp-block-image size-large animated fadeInLeft\"><img loading=\"lazy\" decoding=\"async\" width=\"1024\" height=\"683\" src=\"https:\/\/glozanov.dectim.ca\/phase_zero\/wp-content\/uploads\/2026\/04\/ChatGPT-Image-Apr-20-2026-05_15_03-PM-1024x683.png\" alt=\"\" class=\"wp-image-1283\" srcset=\"https:\/\/glozanov.dectim.ca\/phase_zero\/wp-content\/uploads\/2026\/04\/ChatGPT-Image-Apr-20-2026-05_15_03-PM-1024x683.png 1024w, https:\/\/glozanov.dectim.ca\/phase_zero\/wp-content\/uploads\/2026\/04\/ChatGPT-Image-Apr-20-2026-05_15_03-PM-300x200.png 300w, https:\/\/glozanov.dectim.ca\/phase_zero\/wp-content\/uploads\/2026\/04\/ChatGPT-Image-Apr-20-2026-05_15_03-PM-768x512.png 768w, https:\/\/glozanov.dectim.ca\/phase_zero\/wp-content\/uploads\/2026\/04\/ChatGPT-Image-Apr-20-2026-05_15_03-PM.png 1536w\" sizes=\"auto, (max-width: 1024px) 100vw, 1024px\" \/><\/figure>\n<\/div>\n\n\n\n<div class=\"wp-block-column is-vertically-aligned-center is-layout-flow wp-block-column-is-layout-flow\" style=\"flex-basis:100%\">\n<div class=\"wp-block-group has-ast-global-color-4-background-color has-background is-content-justification-left is-layout-constrained wp-container-core-group-is-layout-a03373f3 wp-block-group-is-layout-constrained\" style=\"margin-top:0px;margin-bottom:0px;padding-top:32px;padding-right:32px;padding-bottom:32px;padding-left:32px\">\n<h2 class=\"wp-block-heading animated slideInDown delay-100ms\"><strong><strong>Visuels\/animations<\/strong><\/strong><\/h2>\n\n\n\n<p class=\"animated fadeInRight delay-100ms has-medium-font-size\">&nbsp;Capture d\u2019\u00e9cran du prototype, vid\u00e9o d\u2019it\u00e9ration, graphique de m\u00e9triques.<\/p>\n<\/div>\n<\/div>\n<\/div>\n<\/div>\n\n\n\n<div class=\"wp-block-group alignfull animated zoomIn is-layout-constrained wp-block-group-is-layout-constrained\">\n<div class=\"wp-block-group alignwide is-horizontal is-content-justification-left is-layout-flex wp-container-core-group-is-layout-858090f2 wp-block-group-is-layout-flex\">\n<div class=\"wp-block-columns is-layout-flex wp-container-core-columns-is-layout-28f84493 wp-block-columns-is-layout-flex\">\n<div class=\"wp-block-column is-layout-flow wp-block-column-is-layout-flow\" style=\"flex-basis:50%\">\n<div class=\"wp-block-group has-ast-global-color-4-background-color has-background is-content-justification-left is-layout-constrained wp-container-core-group-is-layout-a03373f3 wp-block-group-is-layout-constrained\" style=\"margin-top:0px;margin-bottom:0px;padding-top:32px;padding-right:32px;padding-bottom:32px;padding-left:32px\">\n<h2 class=\"wp-block-heading animated slideInDown delay-100ms\"><strong>FAQ<\/strong><\/h2>\n\n\n\n<p class=\"animated fadeInLeft delay-100ms has-medium-font-size\"><strong><em>Quelle dur\u00e9e pour un prototype ?<\/em><\/strong><br>\u21b3 1 \u00e0 4 semaines selon la complexit\u00e9.<\/p>\n\n\n\n<p class=\"animated fadeInLeft delay-200ms has-medium-font-size\"><br><em>Le code est-il r\u00e9utilisable ?<\/em><br>\u21b3 Partiellement, selon l\u2019objectif et l\u2019architecture.<\/p>\n\n\n\n<p class=\"animated fadeInLeft o-anim-custom-delay undefined o-anim-value-delay-0.3s has-medium-font-size\"><br>\u2028<strong><em>Travaillez-vous sur notre moteur ?<\/em><\/strong><br>\u21b3 Oui, si l\u2019acc\u00e8s et la documentation sont fournis<\/p>\n<\/div>\n<\/div>\n\n\n\n<div class=\"wp-block-column is-layout-flow wp-block-column-is-layout-flow\" style=\"flex-basis:50%\">\n<figure class=\"wp-block-image size-full animated fadeInRight wp-container-content-9cfa9a5a\"><img loading=\"lazy\" decoding=\"async\" width=\"1536\" height=\"1024\" src=\"https:\/\/glozanov.dectim.ca\/phase_zero\/wp-content\/uploads\/2026\/03\/ChatGPT-Image-Mar-23-2026-04_50_19-PM.png\" alt=\"\" class=\"wp-image-774\" style=\"object-fit:cover\" srcset=\"https:\/\/glozanov.dectim.ca\/phase_zero\/wp-content\/uploads\/2026\/03\/ChatGPT-Image-Mar-23-2026-04_50_19-PM.png 1536w, https:\/\/glozanov.dectim.ca\/phase_zero\/wp-content\/uploads\/2026\/03\/ChatGPT-Image-Mar-23-2026-04_50_19-PM-300x200.png 300w, https:\/\/glozanov.dectim.ca\/phase_zero\/wp-content\/uploads\/2026\/03\/ChatGPT-Image-Mar-23-2026-04_50_19-PM-1024x683.png 1024w, https:\/\/glozanov.dectim.ca\/phase_zero\/wp-content\/uploads\/2026\/03\/ChatGPT-Image-Mar-23-2026-04_50_19-PM-768x512.png 768w\" sizes=\"auto, (max-width: 1536px) 100vw, 1536px\" \/><\/figure>\n<\/div>\n<\/div>\n<\/div>\n<\/div>\n\n\n\n<div class=\"wp-block-buttons is-content-justification-center is-layout-flex wp-container-core-buttons-is-layout-136cfc80 wp-block-buttons-is-layout-flex\" style=\"padding-bottom:32px\">\n<div class=\"wp-block-button animated fadeInUp delay-500ms\"><a class=\"wp-block-button__link wp-element-button\" href=\"https:\/\/glozanov.dectim.ca\/phase_zero\/contact\/\" style=\"border-top-left-radius:0px;border-top-right-radius:0px;border-bottom-left-radius:0px;border-bottom-right-radius:0px\">Nous rejoindre<\/a><\/div>\n<\/div>\n","protected":false},"excerpt":{"rendered":"<p>Ce service est pour&#8230; Studios en phase d\u2019id\u00e9ation ou de pr\u00e9production n\u00e9cessitant validation rapide, r\u00e9duction des risques et orientation technique. [&hellip;]<\/p>\n","protected":false},"author":3,"featured_media":0,"parent":0,"menu_order":0,"comment_status":"closed","ping_status":"closed","template":"","meta":{"site-sidebar-layout":"default","site-content-layout":"","ast-site-content-layout":"default","site-content-style":"default","site-sidebar-style":"default","ast-global-header-display":"","ast-banner-title-visibility":"","ast-main-header-display":"","ast-hfb-above-header-display":"","ast-hfb-below-header-display":"","ast-hfb-mobile-header-display":"","site-post-title":"disabled","ast-breadcrumbs-content":"","ast-featured-img":"","footer-sml-layout":"","ast-disable-related-posts":"","theme-transparent-header-meta":"","adv-header-id-meta":"","stick-header-meta":"","header-above-stick-meta":"","header-main-stick-meta":"","header-below-stick-meta":"","astra-migrate-meta-layouts":"default","ast-page-background-enabled":"default","ast-page-background-meta":{"desktop":{"background-color":"var(--ast-global-color-5)","background-image":"","background-repeat":"repeat","background-position":"center center","background-size":"auto","background-attachment":"scroll","background-type":"","background-media":"","overlay-type":"","overlay-color":"","overlay-opacity":"","overlay-gradient":""},"tablet":{"background-color":"","background-image":"","background-repeat":"repeat","background-position":"center center","background-size":"auto","background-attachment":"scroll","background-type":"","background-media":"","overlay-type":"","overlay-color":"","overlay-opacity":"","overlay-gradient":""},"mobile":{"background-color":"","background-image":"","background-repeat":"repeat","background-position":"center center","background-size":"auto","background-attachment":"scroll","background-type":"","background-media":"","overlay-type":"","overlay-color":"","overlay-opacity":"","overlay-gradient":""}},"ast-content-background-meta":{"desktop":{"background-color":"var(--ast-global-color-4)","background-image":"","background-repeat":"repeat","background-position":"center center","background-size":"auto","background-attachment":"scroll","background-type":"","background-media":"","overlay-type":"","overlay-color":"","overlay-opacity":"","overlay-gradient":""},"tablet":{"background-color":"var(--ast-global-color-4)","background-image":"","background-repeat":"repeat","background-position":"center center","background-size":"auto","background-attachment":"scroll","background-type":"","background-media":"","overlay-type":"","overlay-color":"","overlay-opacity":"","overlay-gradient":""},"mobile":{"background-color":"var(--ast-global-color-4)","background-image":"","background-repeat":"repeat","background-position":"center center","background-size":"auto","background-attachment":"scroll","background-type":"","background-media":"","overlay-type":"","overlay-color":"","overlay-opacity":"","overlay-gradient":""}},"footnotes":""},"class_list":["post-1182","page","type-page","status-publish","hentry"],"_links":{"self":[{"href":"https:\/\/glozanov.dectim.ca\/phase_zero\/wp-json\/wp\/v2\/pages\/1182","targetHints":{"allow":["GET"]}}],"collection":[{"href":"https:\/\/glozanov.dectim.ca\/phase_zero\/wp-json\/wp\/v2\/pages"}],"about":[{"href":"https:\/\/glozanov.dectim.ca\/phase_zero\/wp-json\/wp\/v2\/types\/page"}],"author":[{"embeddable":true,"href":"https:\/\/glozanov.dectim.ca\/phase_zero\/wp-json\/wp\/v2\/users\/3"}],"replies":[{"embeddable":true,"href":"https:\/\/glozanov.dectim.ca\/phase_zero\/wp-json\/wp\/v2\/comments?post=1182"}],"version-history":[{"count":25,"href":"https:\/\/glozanov.dectim.ca\/phase_zero\/wp-json\/wp\/v2\/pages\/1182\/revisions"}],"predecessor-version":[{"id":1330,"href":"https:\/\/glozanov.dectim.ca\/phase_zero\/wp-json\/wp\/v2\/pages\/1182\/revisions\/1330"}],"wp:attachment":[{"href":"https:\/\/glozanov.dectim.ca\/phase_zero\/wp-json\/wp\/v2\/media?parent=1182"}],"curies":[{"name":"wp","href":"https:\/\/api.w.org\/{rel}","templated":true}]}}