{"id":1043,"date":"2026-04-19T15:06:36","date_gmt":"2026-04-19T19:06:36","guid":{"rendered":"https:\/\/glozanov.dectim.ca\/phase_zero\/?page_id=1043"},"modified":"2026-05-12T07:47:03","modified_gmt":"2026-05-12T11:47:03","slug":"fiche-equipe-4","status":"publish","type":"page","link":"https:\/\/glozanov.dectim.ca\/phase_zero\/fiche-equipe-4\/","title":{"rendered":"Fiche \u00e9quipe 4"},"content":{"rendered":"\n<div class=\"wp-block-group is-nowrap is-layout-flex wp-container-core-group-is-layout-64c224b7 wp-block-group-is-layout-flex\" style=\"margin-bottom:0;padding-bottom:0\">\n<div class=\"wp-block-group is-layout-constrained wp-block-group-is-layout-constrained\">\n<h2 class=\"wp-block-heading has-text-align-center animated slideInDown delay-100ms has-ast-global-color-5-background-color has-background\" style=\"padding-top:8px;padding-right:8px;padding-bottom:8px;padding-left:8px\"><strong>Mei Chen<\/strong><\/h2>\n\n\n\n<figure class=\"wp-block-image size-full animated fadeInLeft\"><img loading=\"lazy\" decoding=\"async\" width=\"426\" height=\"325\" src=\"https:\/\/glozanov.dectim.ca\/phase_zero\/wp-content\/uploads\/2026\/03\/top-3.jpg\" alt=\"\" class=\"wp-image-513\" srcset=\"https:\/\/glozanov.dectim.ca\/phase_zero\/wp-content\/uploads\/2026\/03\/top-3.jpg 426w, https:\/\/glozanov.dectim.ca\/phase_zero\/wp-content\/uploads\/2026\/03\/top-3-300x229.jpg 300w\" sizes=\"auto, (max-width: 426px) 100vw, 426px\" \/><\/figure>\n<\/div>\n\n\n\n<div class=\"wp-block-group is-layout-constrained wp-block-group-is-layout-constrained\">\n<h3 class=\"wp-block-heading animated fadeInRight delay-100ms\"><strong><strong>Analyste AQ Fonctionnel<\/strong><\/strong><\/h3>\n\n\n\n<p class=\"animated fadeInRight delay-200ms\">Elle v\u00e9rifie la conformit\u00e9 du gameplay aux sp\u00e9cifications et d\u00e9tecte les r\u00e9gressions. Ses t\u00e2ches quotidiennes peuvent inclurent : <\/p>\n\n\n\n<ul class=\"wp-block-list\">\n<li class=\"animated fadeInRight o-anim-custom-delay undefined o-anim-value-delay-0.3s\">R\u00e9daction de cas de test<\/li>\n\n\n\n<li class=\"animated fadeInRight o-anim-custom-delay undefined o-anim-value-delay-0.4s\">Ex\u00e9cution de passes<\/li>\n\n\n\n<li class=\"animated fadeInRight o-anim-custom-delay undefined o-anim-value-delay-0.5s\">Reproduction d\u2019anomalies<\/li>\n\n\n\n<li class=\"animated fadeInRight o-anim-custom-delay undefined o-anim-value-delay-0.6s\">Rapports d\u00e9taill\u00e9s<\/li>\n<\/ul>\n<\/div>\n<\/div>\n\n\n\n<div class=\"wp-block-group is-layout-grid wp-container-core-group-is-layout-988b637e wp-block-group-is-layout-grid\">\n<div class=\"wp-block-group animated zoomIn delay-100ms has-ast-global-color-5-background-color has-background is-layout-constrained wp-container-core-group-is-layout-3ee44764 wp-block-group-is-layout-constrained\" style=\"padding-top:24px;padding-right:24px;padding-bottom:24px;padding-left:24px\">\n<h4 class=\"wp-block-heading animated slideInDown delay-100ms\"><strong>Comp\u00e9tences cl\u00e9s<\/strong><\/h4>\n\n\n\n<ul class=\"wp-block-list\">\n<li class=\"animated fadeInLeft delay-100ms\">Test exploratoire<\/li>\n\n\n\n<li class=\"animated fadeInLeft delay-200ms\">R\u00e9daction technique<\/li>\n\n\n\n<li class=\"animated fadeInLeft o-anim-custom-delay undefined o-anim-value-delay-0.3s\">Sens du d\u00e9tail<\/li>\n\n\n\n<li class=\"animated fadeInLeft o-anim-custom-delay undefined o-anim-value-delay-0.4s\">Communication<\/li>\n<\/ul>\n<\/div>\n\n\n\n<div class=\"wp-block-group animated zoomIn delay-100ms has-ast-global-color-5-background-color has-background is-layout-constrained wp-container-core-group-is-layout-3ee44764 wp-block-group-is-layout-constrained\" style=\"padding-top:24px;padding-right:24px;padding-bottom:24px;padding-left:24px\">\n<h4 class=\"wp-block-heading animated slideInDown delay-100ms\"><strong>Environnement<\/strong><\/h4>\n\n\n\n<ul class=\"wp-block-list\">\n<li class=\"animated fadeInUp delay-100ms\">TestRail<\/li>\n\n\n\n<li class=\"animated fadeInUp delay-200ms\">Jira<\/li>\n\n\n\n<li>Consoles de debug<\/li>\n\n\n\n<li>Capture vid\u00e9o<\/li>\n<\/ul>\n<\/div>\n\n\n\n<div class=\"wp-block-group animated zoomIn delay-100ms has-ast-global-color-5-background-color has-background is-layout-constrained wp-container-core-group-is-layout-3ee44764 wp-block-group-is-layout-constrained\" style=\"padding-top:24px;padding-right:24px;padding-bottom:24px;padding-left:24px\">\n<h4 class=\"wp-block-heading animated slideInDown delay-100ms\"><strong>Formation<\/strong><\/h4>\n\n\n\n<p class=\"animated fadeInRight delay-100ms\">Techniques informatiques ou \u00e9quivalent, certifications AQ appr\u00e9ci\u00e9es<\/p>\n<\/div>\n\n\n\n<div class=\"wp-block-group animated zoomIn delay-100ms has-ast-global-color-5-background-color has-background is-layout-constrained wp-container-core-group-is-layout-3ee44764 wp-block-group-is-layout-constrained\" style=\"padding-top:24px;padding-right:24px;padding-bottom:24px;padding-left:24px\">\n<h4 class=\"wp-block-heading animated slideInDown delay-100ms\"><strong>Salaire moyen<\/strong><\/h4>\n\n\n\n<p class=\"animated fadeInLeft delay-100ms\">50 000 &#8211; 80 000 (selon exp\u00e9rience)<\/p>\n<\/div>\n\n\n\n<div class=\"wp-block-group animated zoomIn delay-100ms has-ast-global-color-5-background-color has-background is-layout-constrained wp-container-core-group-is-layout-3ee44764 wp-block-group-is-layout-constrained\" style=\"padding-top:24px;padding-right:24px;padding-bottom:24px;padding-left:24px\">\n<h4 class=\"wp-block-heading animated slideInDown delay-100ms\">&nbsp;<strong>Perspectives<\/strong><\/h4>\n\n\n\n<ul class=\"wp-block-list\">\n<li class=\"animated fadeInUp delay-100ms\">Senior AQ<\/li>\n\n\n\n<li class=\"animated fadeInUp delay-200ms\">Lead AQ<\/li>\n<\/ul>\n<\/div>\n\n\n\n<div class=\"wp-block-group animated zoomIn delay-100ms has-ast-global-color-5-background-color has-background is-layout-flow wp-container-core-group-is-layout-f451e53f wp-block-group-is-layout-flow\" style=\"padding-top:24px;padding-right:24px;padding-bottom:24px;padding-left:24px\">\n<h4 class=\"wp-block-heading animated slideInDown delay-100ms\"><strong>Citation<\/strong><\/h4>\n\n\n\n<p class=\"animated fadeInRight delay-100ms\">\u00ab Tester, ce n\u2019est pas seulement trouver des bugs. C\u2019est aussi de comprendre l\u2019intention du jeu et s\u2019assurer qu\u2019elle est respect\u00e9e jusque dans les moindres d\u00e9tails. \u00bb<\/p>\n<\/div>\n<\/div>\n","protected":false},"excerpt":{"rendered":"<p>Mei Chen Analyste AQ Fonctionnel Elle v\u00e9rifie la conformit\u00e9 du gameplay aux sp\u00e9cifications et d\u00e9tecte les r\u00e9gressions. Ses t\u00e2ches quotidiennes [&hellip;]<\/p>\n","protected":false},"author":2,"featured_media":0,"parent":0,"menu_order":0,"comment_status":"closed","ping_status":"closed","template":"","meta":{"site-sidebar-layout":"default","site-content-layout":"","ast-site-content-layout":"default","site-content-style":"default","site-sidebar-style":"default","ast-global-header-display":"","ast-banner-title-visibility":"","ast-main-header-display":"","ast-hfb-above-header-display":"","ast-hfb-below-header-display":"","ast-hfb-mobile-header-display":"","site-post-title":"disabled","ast-breadcrumbs-content":"","ast-featured-img":"","footer-sml-layout":"","ast-disable-related-posts":"","theme-transparent-header-meta":"","adv-header-id-meta":"","stick-header-meta":"","header-above-stick-meta":"","header-main-stick-meta":"","header-below-stick-meta":"","astra-migrate-meta-layouts":"default","ast-page-background-enabled":"default","ast-page-background-meta":{"desktop":{"background-color":"var(--ast-global-color-5)","background-image":"","background-repeat":"repeat","background-position":"center center","background-size":"auto","background-attachment":"scroll","background-type":"","background-media":"","overlay-type":"","overlay-color":"","overlay-opacity":"","overlay-gradient":""},"tablet":{"background-color":"","background-image":"","background-repeat":"repeat","background-position":"center center","background-size":"auto","background-attachment":"scroll","background-type":"","background-media":"","overlay-type":"","overlay-color":"","overlay-opacity":"","overlay-gradient":""},"mobile":{"background-color":"","background-image":"","background-repeat":"repeat","background-position":"center center","background-size":"auto","background-attachment":"scroll","background-type":"","background-media":"","overlay-type":"","overlay-color":"","overlay-opacity":"","overlay-gradient":""}},"ast-content-background-meta":{"desktop":{"background-color":"var(--ast-global-color-4)","background-image":"","background-repeat":"repeat","background-position":"center center","background-size":"auto","background-attachment":"scroll","background-type":"","background-media":"","overlay-type":"","overlay-color":"","overlay-opacity":"","overlay-gradient":""},"tablet":{"background-color":"var(--ast-global-color-4)","background-image":"","background-repeat":"repeat","background-position":"center center","background-size":"auto","background-attachment":"scroll","background-type":"","background-media":"","overlay-type":"","overlay-color":"","overlay-opacity":"","overlay-gradient":""},"mobile":{"background-color":"var(--ast-global-color-4)","background-image":"","background-repeat":"repeat","background-position":"center center","background-size":"auto","background-attachment":"scroll","background-type":"","background-media":"","overlay-type":"","overlay-color":"","overlay-opacity":"","overlay-gradient":""}},"footnotes":""},"class_list":["post-1043","page","type-page","status-publish","hentry"],"_links":{"self":[{"href":"https:\/\/glozanov.dectim.ca\/phase_zero\/wp-json\/wp\/v2\/pages\/1043","targetHints":{"allow":["GET"]}}],"collection":[{"href":"https:\/\/glozanov.dectim.ca\/phase_zero\/wp-json\/wp\/v2\/pages"}],"about":[{"href":"https:\/\/glozanov.dectim.ca\/phase_zero\/wp-json\/wp\/v2\/types\/page"}],"author":[{"embeddable":true,"href":"https:\/\/glozanov.dectim.ca\/phase_zero\/wp-json\/wp\/v2\/users\/2"}],"replies":[{"embeddable":true,"href":"https:\/\/glozanov.dectim.ca\/phase_zero\/wp-json\/wp\/v2\/comments?post=1043"}],"version-history":[{"count":7,"href":"https:\/\/glozanov.dectim.ca\/phase_zero\/wp-json\/wp\/v2\/pages\/1043\/revisions"}],"predecessor-version":[{"id":1355,"href":"https:\/\/glozanov.dectim.ca\/phase_zero\/wp-json\/wp\/v2\/pages\/1043\/revisions\/1355"}],"wp:attachment":[{"href":"https:\/\/glozanov.dectim.ca\/phase_zero\/wp-json\/wp\/v2\/media?parent=1043"}],"curies":[{"name":"wp","href":"https:\/\/api.w.org\/{rel}","templated":true}]}}