{"id":1016,"date":"2026-04-19T14:36:13","date_gmt":"2026-04-19T18:36:13","guid":{"rendered":"https:\/\/glozanov.dectim.ca\/phase_zero\/?page_id=1016"},"modified":"2026-05-11T14:28:18","modified_gmt":"2026-05-11T18:28:18","slug":"fiche-equipe-2","status":"publish","type":"page","link":"https:\/\/glozanov.dectim.ca\/phase_zero\/fiche-equipe-2\/","title":{"rendered":"Fiche \u00e9quipe 2"},"content":{"rendered":"\n<div class=\"wp-block-group is-nowrap is-layout-flex wp-container-core-group-is-layout-64c224b7 wp-block-group-is-layout-flex\" style=\"margin-bottom:0;padding-bottom:0\">\n<div class=\"wp-block-group wp-container-content-231d8afb is-layout-constrained wp-block-group-is-layout-constrained\" style=\"min-height:0px\">\n<h2 class=\"wp-block-heading has-text-align-center animated slideInDown delay-100ms has-ast-global-color-5-background-color has-background\" style=\"padding-top:8px;padding-right:8px;padding-bottom:8px;padding-left:8px\"><strong>Samira Benali<\/strong><\/h2>\n\n\n\n<figure class=\"wp-block-image size-full animated fadeInLeft\"><img loading=\"lazy\" decoding=\"async\" width=\"426\" height=\"325\" src=\"https:\/\/glozanov.dectim.ca\/phase_zero\/wp-content\/uploads\/2026\/03\/top-1-1.jpg\" alt=\"\" class=\"wp-image-511\" srcset=\"https:\/\/glozanov.dectim.ca\/phase_zero\/wp-content\/uploads\/2026\/03\/top-1-1.jpg 426w, https:\/\/glozanov.dectim.ca\/phase_zero\/wp-content\/uploads\/2026\/03\/top-1-1-300x229.jpg 300w\" sizes=\"auto, (max-width: 426px) 100vw, 426px\" \/><\/figure>\n<\/div>\n\n\n\n<div class=\"wp-block-group is-layout-constrained wp-block-group-is-layout-constrained\">\n<h3 class=\"wp-block-heading animated fadeInRight delay-100ms\"><strong>D\u00e9veloppeuse Gameplay<\/strong><\/h3>\n\n\n\n<p class=\"animated fadeInRight delay-200ms\">Elle travaille sur la conception et l&rsquo;impl\u00e9mentation rapide de m\u00e9caniques. Ses t\u00e2ches quotidiennes peuvent inclurent : <\/p>\n\n\n\n<ul class=\"wp-block-list\">\n<li class=\"animated fadeInRight o-anim-custom-delay undefined o-anim-value-delay-0.3s\">Scripting de m\u00e9caniques <\/li>\n\n\n\n<li class=\"animated fadeInRight o-anim-custom-delay undefined o-anim-value-delay-0.3s\">Instrumentation<\/li>\n\n\n\n<li class=\"animated fadeInRight o-anim-custom-delay undefined o-anim-value-delay-0.3s\">It\u00e9rations rapides<\/li>\n\n\n\n<li class=\"animated fadeInRight o-anim-custom-delay undefined o-anim-value-delay-0.3s\">Documentation des r\u00e9sultats<\/li>\n<\/ul>\n<\/div>\n<\/div>\n\n\n\n<div class=\"wp-block-group is-layout-grid wp-container-core-group-is-layout-988b637e wp-block-group-is-layout-grid\">\n<div class=\"wp-block-group animated zoomIn delay-100ms has-ast-global-color-5-background-color has-background is-layout-constrained wp-container-core-group-is-layout-3ee44764 wp-block-group-is-layout-constrained\" style=\"padding-top:24px;padding-right:24px;padding-bottom:24px;padding-left:24px\">\n<h4 class=\"wp-block-heading animated slideInDown delay-100ms\"><strong>Comp\u00e9tences cl\u00e9s<\/strong><\/h4>\n\n\n\n<ul class=\"wp-block-list\">\n<li class=\"animated fadeInLeft o-anim-custom-delay undefined o-anim-value-delay-0.3s\">C#\/Blueprints<\/li>\n\n\n\n<li class=\"animated fadeInLeft delay-100ms\">Design patterns gameplay<\/li>\n\n\n\n<li class=\"animated fadeInLeft o-anim-custom-delay undefined o-anim-value-delay-0.4s\">Unity\/Unreal<\/li>\n\n\n\n<li class=\"animated fadeInLeft delay-200ms\">Debugging<\/li>\n\n\n\n<li>UX de base<\/li>\n<\/ul>\n<\/div>\n\n\n\n<div class=\"wp-block-group animated zoomIn delay-100ms has-ast-global-color-5-background-color has-background is-layout-constrained wp-container-core-group-is-layout-3ee44764 wp-block-group-is-layout-constrained\" style=\"padding-top:24px;padding-right:24px;padding-bottom:24px;padding-left:24px\">\n<h4 class=\"wp-block-heading animated slideInDown delay-100ms\"><strong>Environnement<\/strong><\/h4>\n\n\n\n<ul class=\"wp-block-list\">\n<li class=\"animated fadeInUp delay-100ms\">Unity<\/li>\n\n\n\n<li class=\"animated fadeInUp delay-200ms\">Unreal Engine<\/li>\n\n\n\n<li class=\"animated fadeInUp o-anim-custom-delay undefined o-anim-value-delay-0.3s\">Git<\/li>\n\n\n\n<li class=\"animated fadeInUp o-anim-custom-delay undefined o-anim-value-delay-0.4s\">Visual Studio<\/li>\n\n\n\n<li class=\"animated fadeInUp o-anim-custom-delay undefined o-anim-value-delay-0.5s\">Outils de capture vid\u00e9o<\/li>\n<\/ul>\n<\/div>\n\n\n\n<div class=\"wp-block-group animated zoomIn delay-100ms has-ast-global-color-5-background-color has-background is-layout-constrained wp-container-core-group-is-layout-3ee44764 wp-block-group-is-layout-constrained\" style=\"padding-top:24px;padding-right:24px;padding-bottom:24px;padding-left:24px\">\n<h4 class=\"wp-block-heading animated slideInDown delay-100ms\"><strong>Formation<\/strong><\/h4>\n\n\n\n<p class=\"animated fadeInRight delay-100ms\">DEC\/Bac en programmation jeux ou informatique<\/p>\n<\/div>\n\n\n\n<div class=\"wp-block-group animated zoomIn delay-100ms has-ast-global-color-5-background-color has-background is-layout-constrained wp-container-core-group-is-layout-3ee44764 wp-block-group-is-layout-constrained\" style=\"padding-top:24px;padding-right:24px;padding-bottom:24px;padding-left:24px\">\n<h4 class=\"wp-block-heading animated slideInDown delay-100ms\"><strong>Salaire moyen<\/strong><\/h4>\n\n\n\n<p class=\"animated fadeInLeft delay-100ms\">65 000 &#8211; 85 000 (selon exp\u00e9rience)<\/p>\n<\/div>\n\n\n\n<div class=\"wp-block-group animated zoomIn delay-100ms has-ast-global-color-5-background-color has-background is-layout-constrained wp-container-core-group-is-layout-3ee44764 wp-block-group-is-layout-constrained\" style=\"padding-top:24px;padding-right:24px;padding-bottom:24px;padding-left:24px\">\n<h4 class=\"wp-block-heading animated slideInDown delay-100ms\">&nbsp;<strong>Perspectives<\/strong><\/h4>\n\n\n\n<ul class=\"wp-block-list\">\n<li class=\"animated fadeInUp delay-100ms\">D\u00e9veloppeuse gameplay senior<\/li>\n\n\n\n<li class=\"animated fadeInUp delay-200ms\">Designer technique<\/li>\n<\/ul>\n<\/div>\n\n\n\n<div class=\"wp-block-group animated zoomIn delay-100ms has-ast-global-color-5-background-color has-background is-layout-flow wp-container-core-group-is-layout-f451e53f wp-block-group-is-layout-flow\" style=\"padding-top:24px;padding-right:24px;padding-bottom:24px;padding-left:24px\">\n<h4 class=\"wp-block-heading animated slideInDown delay-100ms\"><strong>Citation<\/strong><\/h4>\n\n\n\n<p class=\"animated fadeInRight delay-100ms\">\u00ab Donner vie \u00e0 une id\u00e9e de gameplay en quelques heures, la tester, la mesurer, puis l\u2019am\u00e9liorer imm\u00e9diatement \u2014 c\u2019est l\u00e0 que le design devient concret. \u00bb<\/p>\n<\/div>\n<\/div>\n","protected":false},"excerpt":{"rendered":"<p>Samira Benali D\u00e9veloppeuse Gameplay Elle travaille sur la conception et l&rsquo;impl\u00e9mentation rapide de m\u00e9caniques. Ses t\u00e2ches quotidiennes peuvent inclurent : [&hellip;]<\/p>\n","protected":false},"author":2,"featured_media":0,"parent":0,"menu_order":0,"comment_status":"closed","ping_status":"closed","template":"","meta":{"site-sidebar-layout":"default","site-content-layout":"","ast-site-content-layout":"default","site-content-style":"default","site-sidebar-style":"default","ast-global-header-display":"","ast-banner-title-visibility":"","ast-main-header-display":"","ast-hfb-above-header-display":"","ast-hfb-below-header-display":"","ast-hfb-mobile-header-display":"","site-post-title":"disabled","ast-breadcrumbs-content":"","ast-featured-img":"","footer-sml-layout":"","ast-disable-related-posts":"","theme-transparent-header-meta":"","adv-header-id-meta":"","stick-header-meta":"","header-above-stick-meta":"","header-main-stick-meta":"","header-below-stick-meta":"","astra-migrate-meta-layouts":"default","ast-page-background-enabled":"default","ast-page-background-meta":{"desktop":{"background-color":"var(--ast-global-color-5)","background-image":"","background-repeat":"repeat","background-position":"center center","background-size":"auto","background-attachment":"scroll","background-type":"","background-media":"","overlay-type":"","overlay-color":"","overlay-opacity":"","overlay-gradient":""},"tablet":{"background-color":"","background-image":"","background-repeat":"repeat","background-position":"center center","background-size":"auto","background-attachment":"scroll","background-type":"","background-media":"","overlay-type":"","overlay-color":"","overlay-opacity":"","overlay-gradient":""},"mobile":{"background-color":"","background-image":"","background-repeat":"repeat","background-position":"center center","background-size":"auto","background-attachment":"scroll","background-type":"","background-media":"","overlay-type":"","overlay-color":"","overlay-opacity":"","overlay-gradient":""}},"ast-content-background-meta":{"desktop":{"background-color":"var(--ast-global-color-4)","background-image":"","background-repeat":"repeat","background-position":"center center","background-size":"auto","background-attachment":"scroll","background-type":"","background-media":"","overlay-type":"","overlay-color":"","overlay-opacity":"","overlay-gradient":""},"tablet":{"background-color":"var(--ast-global-color-4)","background-image":"","background-repeat":"repeat","background-position":"center center","background-size":"auto","background-attachment":"scroll","background-type":"","background-media":"","overlay-type":"","overlay-color":"","overlay-opacity":"","overlay-gradient":""},"mobile":{"background-color":"var(--ast-global-color-4)","background-image":"","background-repeat":"repeat","background-position":"center center","background-size":"auto","background-attachment":"scroll","background-type":"","background-media":"","overlay-type":"","overlay-color":"","overlay-opacity":"","overlay-gradient":""}},"footnotes":""},"class_list":["post-1016","page","type-page","status-publish","hentry"],"_links":{"self":[{"href":"https:\/\/glozanov.dectim.ca\/phase_zero\/wp-json\/wp\/v2\/pages\/1016","targetHints":{"allow":["GET"]}}],"collection":[{"href":"https:\/\/glozanov.dectim.ca\/phase_zero\/wp-json\/wp\/v2\/pages"}],"about":[{"href":"https:\/\/glozanov.dectim.ca\/phase_zero\/wp-json\/wp\/v2\/types\/page"}],"author":[{"embeddable":true,"href":"https:\/\/glozanov.dectim.ca\/phase_zero\/wp-json\/wp\/v2\/users\/2"}],"replies":[{"embeddable":true,"href":"https:\/\/glozanov.dectim.ca\/phase_zero\/wp-json\/wp\/v2\/comments?post=1016"}],"version-history":[{"count":7,"href":"https:\/\/glozanov.dectim.ca\/phase_zero\/wp-json\/wp\/v2\/pages\/1016\/revisions"}],"predecessor-version":[{"id":1342,"href":"https:\/\/glozanov.dectim.ca\/phase_zero\/wp-json\/wp\/v2\/pages\/1016\/revisions\/1342"}],"wp:attachment":[{"href":"https:\/\/glozanov.dectim.ca\/phase_zero\/wp-json\/wp\/v2\/media?parent=1016"}],"curies":[{"name":"wp","href":"https:\/\/api.w.org\/{rel}","templated":true}]}}